{"id":8077,"date":"2024-01-16T08:51:42","date_gmt":"2024-01-16T08:51:42","guid":{"rendered":"https:\/\/eurologic.com.pl\/?post_type=product&#038;p=8077"},"modified":"2024-01-16T08:51:44","modified_gmt":"2024-01-16T08:51:44","slug":"stacja-ladowania-ladowarka-alfen-22-kw-3-fazy","status":"publish","type":"product","link":"https:\/\/eurologic.com.pl\/?product=stacja-ladowania-ladowarka-alfen-22-kw-3-fazy","title":{"rendered":"Stacja \u0142adowania \u0142adowarka Alfen 22 KW 3 Fazy"},"content":{"rendered":"<h3>Najnowocze\u015bniejsze rozwi\u0105zania<\/h3>\n<h3>Zaprojektowany z my\u015bl\u0105 o maksymalnej pr\u0119dko\u015bci \u0142adowania<\/h3>\n<h3>Solidny, bezpieczny i niezawodny<\/h3>\n<h3>\u0141\u0105twe zarz\u0105dzania systemami zarz\u0105dzania<\/h3>\n<p><img decoding=\"async\" loading=\"lazy\" src=\"http:\/\/eurologic.com.pl\/wp-content\/uploads\/2022\/02\/Stacja-ladowania-ladowarka-Alfen-22-KW-3-Fazy-Marka-Alfen.jpg\" sizes=\"(max-width: 701px) 100vw, 701px\" srcset=\"http:\/\/eurologic.com.pl\/wp-content\/uploads\/2022\/02\/Stacja-ladowania-ladowarka-Alfen-22-KW-3-Fazy-Marka-Alfen.jpg 701w, http:\/\/eurologic.com.pl\/wp-content\/uploads\/2022\/02\/Stacja-ladowania-ladowarka-Alfen-22-KW-3-Fazy-Marka-Alfen-292x300.jpg 292w, http:\/\/eurologic.com.pl\/wp-content\/uploads\/2022\/02\/Stacja-ladowania-ladowarka-Alfen-22-KW-3-Fazy-Marka-Alfen-600x616.jpg 600w\" alt=\"\" width=\"701\" height=\"720\" \/><\/p>\n<p><b>Eve Single Pro-line firmy Alfen<\/b>\u00a0jest specjalnie zaprojektowana do u\u017cytku domowego jak i dla klient\u00f3w biznesowych. Oferuje zalety wynikaj\u0105ce z inteligentnego sposobu \u0142adowania w przyst\u0119pnej cenie. Ta stacja \u0142adowania o mocy 22 kW zbudowana jest w kompaktowej obudowie z poliw\u0119glanu, dzi\u0119ki czemu jest lekka i trwa\u0142a. Stacj\u0119 \u0142adowania mo\u017cna zamontowa\u0107 zar\u00f3wno na \u015bcianie jak i na s\u0142upku monta\u017cowym.<\/p>\n<p><b>Wallbox Alfen Eve Pro line 22 kW<\/b>\u00a0wyposa\u017cony jest w udogodnienia, kt\u00f3rych inni w podstawie nie maj\u0105.<\/p>\n<ul>\n<li>Detekcja pr\u0105du DC 6mA<\/li>\n<li>Komunikacja LAN<\/li>\n<li>Licznik energii elektrycznej<\/li>\n<li>Dedykowana aplikacja do zarz\u0105dzania stacj\u0105 \u0142adowania<\/li>\n<li>P\u0142yta monta\u017cowa<\/li>\n<li>Modu\u0142 komunikacji OCPP<\/li>\n<li>Wodoodporno\u015b\u0107 IP 54<\/li>\n<li>Kolorowy wy\u015bwietlacz TFT 3,5\u201d z mo\u017cliwo\u015bci\u0105 personalizacji<\/li>\n<\/ul>\n<p><img decoding=\"async\" loading=\"lazy\" src=\"http:\/\/eurologic.com.pl\/wp-content\/uploads\/2022\/02\/pobrane.png\" sizes=\"(max-width: 644px) 100vw, 644px\" srcset=\"http:\/\/eurologic.com.pl\/wp-content\/uploads\/2022\/02\/pobrane.png 644w, http:\/\/eurologic.com.pl\/wp-content\/uploads\/2022\/02\/pobrane-300x300.png 300w, http:\/\/eurologic.com.pl\/wp-content\/uploads\/2022\/02\/pobrane-150x150.png 150w, http:\/\/eurologic.com.pl\/wp-content\/uploads\/2022\/02\/pobrane-600x600.png 600w, http:\/\/eurologic.com.pl\/wp-content\/uploads\/2022\/02\/pobrane-100x100.png 100w\" alt=\"\" width=\"644\" height=\"644\" \/><\/p>\n<h2>Dane techniczne<\/h2>\n<ul>\n<li>Nominalna \u0142adowania:\u00a0<b>22\u00a0kW<\/b><\/li>\n<li>Nominalny pr\u0105d \u0142adowania:\u00a0<b>16<\/b>\u00a0<b>A<\/b><\/li>\n<li>Regulacja mocy \u0142adowania:\u00a0<b>TAK<\/b><\/li>\n<li>Liczba faz:\u00a0<b>3<\/b>\u00a0<b>PH<\/b><\/li>\n<li>Napi\u0119cie znamionowe:\u00a0<b>230V<\/b><\/li>\n<li>Cz\u0119stotliwo\u015b\u0107:\u00a0<b>50 Hz<\/b><\/li>\n<li>Zabezpieczenia elektryczne:\u00a0<b>Monitoring DC 6 mA<\/b><\/li>\n<li>Tryb \u0142adowania:\u00a0<b>MODE 3<\/b><\/li>\n<li>Dost\u0119pne z\u0142\u0105cza:\u00a0<b>1 x Type 2 (Gniazdo) lub 1 x Type 2 (Kabel)<\/b><\/li>\n<li>Temeratura pracy:\u00a0<b>-25 do 40<\/b><b>C<\/b><\/li>\n<\/ul>\n<ul>\n<li>Klasa wodoodporno\u015bci<b>: IP 54<\/b><\/li>\n<li>Udarno\u015b\u0107:\u00a0<b>IK10<\/b><\/li>\n<li>Wymiary (WxSxG):\u00a0<b>373 x 242 x 181 mm<\/b><\/li>\n<li>Licznik energii elektrycznej:\u00a0<b>TAK<\/b><\/li>\n<li>Autoryzacja RFID:\u00a0<b>TAK<\/b><\/li>\n<li>Plug&amp;Charge:\u00a0<b>TAK<\/b><\/li>\n<li>Komunikacja LAN:\u00a0<b>TAK<\/b><\/li>\n<li>Komunikacja WLAN:\u00a0<b>GPRS 4G<\/b><\/li>\n<li>Komunikacja GSM (4G):\u00a0<b>TAK<\/b><\/li>\n<li>Dedykowana aplikacja:\u00a0<b>TAK (OPCJA)<\/b><\/li>\n<\/ul>\n<h2>Zestaw nie zawiera przewodu. Sprawdz dost\u0119pno\u015b\u0107 na naszych innych aukcjach.<\/h2>\n<h3>Oferowany produkt jest kompatybilny z: samochodami hybrydowymi PLUG &#8211; IN (PHEV)<\/h3>\n<figure><img decoding=\"async\" loading=\"lazy\" src=\"http:\/\/eurologic.com.pl\/wp-content\/uploads\/2022\/02\/audi-logo.png\" alt=\"\" width=\"240\" height=\"180\" \/><\/figure>\n<h3>Audi<\/h3>\n<p>A6 \/ A7 \/ A8 \/ Q5 \/ Q7<\/p>\n<figure><img decoding=\"async\" loading=\"lazy\" src=\"http:\/\/eurologic.com.pl\/wp-content\/uploads\/2022\/02\/bmw-logo.png\" alt=\"\" width=\"240\" height=\"180\" \/><\/figure>\n<h3>BMW<\/h3>\n<p>2 \/ 3 \/ 5 \/ 7 \/ X1 \/ X2 \/ X3 \/ X5<\/p>\n<figure><img decoding=\"async\" loading=\"lazy\" src=\"http:\/\/eurologic.com.pl\/wp-content\/uploads\/2022\/02\/citroen-logo.png\" alt=\"\" width=\"240\" height=\"180\" \/><\/figure>\n<h3>Citroen<\/h3>\n<p>C5 AIRCROSS<\/p>\n<figure><img decoding=\"async\" loading=\"lazy\" src=\"http:\/\/eurologic.com.pl\/wp-content\/uploads\/2022\/02\/ds-logo.png\" alt=\"\" width=\"240\" height=\"180\" \/><\/figure>\n<h3>DS<\/h3>\n<p>DS 7<\/p>\n<figure><img decoding=\"async\" loading=\"lazy\" src=\"http:\/\/eurologic.com.pl\/wp-content\/uploads\/2022\/02\/ford-logo.png\" alt=\"\" width=\"240\" height=\"180\" \/><\/figure>\n<h3>Ford<\/h3>\n<p>Explorer \/ Kuga \/ Tourneo \/ Transit<\/p>\n<figure><img decoding=\"async\" loading=\"lazy\" src=\"http:\/\/eurologic.com.pl\/wp-content\/uploads\/2022\/02\/hyundai-logo.png\" alt=\"\" width=\"240\" height=\"180\" \/><\/figure>\n<h3>Hyundai<\/h3>\n<p>Ioniq Plug in \/ KONA Plug in \/<\/p>\n<figure><img decoding=\"async\" loading=\"lazy\" src=\"http:\/\/eurologic.com.pl\/wp-content\/uploads\/2022\/02\/jaguar-logo.png\" alt=\"\" width=\"240\" height=\"180\" \/><\/figure>\n<h3>Jaguar<\/h3>\n<p>I-Pace<\/p>\n<figure><img decoding=\"async\" loading=\"lazy\" src=\"http:\/\/eurologic.com.pl\/wp-content\/uploads\/2022\/02\/kia-logo.png\" alt=\"\" width=\"240\" height=\"180\" \/><\/figure>\n<h3>KIA<\/h3>\n<p>Ceed PHEV \/ Niro PHEV \/ XCEED PHEV \/ Sorento PHEV<\/p>\n<figure><img decoding=\"async\" loading=\"lazy\" src=\"http:\/\/eurologic.com.pl\/wp-content\/uploads\/2022\/02\/land-rover-logo.png\" alt=\"\" width=\"240\" height=\"180\" \/><\/figure>\n<h3>Land Rover<\/h3>\n<p>Discovery \/ Range Rover \/ Range Rover Evogue \/ Range Rover Sport \/ Range Rover Velar<\/p>\n<figure><img decoding=\"async\" loading=\"lazy\" src=\"http:\/\/eurologic.com.pl\/wp-content\/uploads\/2022\/02\/mercedes-benz-logo.png\" alt=\"\" width=\"240\" height=\"180\" \/><\/figure>\n<h3>Mercedes Benz<\/h3>\n<p>Klasa A \/ Klasa B \/ Klasa C \/ GLA \/ GLC \/ GLE<\/p>\n<figure><img decoding=\"async\" loading=\"lazy\" src=\"http:\/\/eurologic.com.pl\/wp-content\/uploads\/2022\/02\/mini-logo.png\" alt=\"\" width=\"240\" height=\"180\" \/><\/figure>\n<h3>Mini<\/h3>\n<p>Cooper SE \/ Countryman SE<\/p>\n<figure><img decoding=\"async\" loading=\"lazy\" src=\"http:\/\/eurologic.com.pl\/wp-content\/uploads\/2022\/02\/mitsubishi-logo.png\" alt=\"\" width=\"240\" height=\"180\" \/><\/figure>\n<h3>Mitsubishi<\/h3>\n<p>OUTLANDER<\/p>\n<figure><img decoding=\"async\" loading=\"lazy\" src=\"http:\/\/eurologic.com.pl\/wp-content\/uploads\/2022\/02\/nissan-logo.png\" alt=\"\" width=\"240\" height=\"180\" \/><\/figure>\n<h3>Nissan<\/h3>\n<p>e-NV200 \/ LEAF II \/ LEAF II e<\/p>\n<figure><img decoding=\"async\" loading=\"lazy\" src=\"http:\/\/eurologic.com.pl\/wp-content\/uploads\/2022\/02\/opel-logo.png\" alt=\"\" width=\"240\" height=\"180\" \/><\/figure>\n<h3>Opel<\/h3>\n<p>Corsa-e \/ Mokka-e \/ Vivaro-e \/ Zafira-e Life<\/p>\n<figure><img decoding=\"async\" loading=\"lazy\" src=\"http:\/\/eurologic.com.pl\/wp-content\/uploads\/2022\/02\/peugeot-logo.png\" alt=\"\" width=\"240\" height=\"180\" \/><\/figure>\n<h3>Peugeot<\/h3>\n<p>3008 \/ 508<\/p>\n<figure><img decoding=\"async\" loading=\"lazy\" src=\"http:\/\/eurologic.com.pl\/wp-content\/uploads\/2022\/02\/porsche-logo.png\" alt=\"\" width=\"240\" height=\"180\" \/><\/figure>\n<h3>Porshe<\/h3>\n<p>Cayenne \/ Panamera<\/p>\n<figure><img decoding=\"async\" loading=\"lazy\" src=\"http:\/\/eurologic.com.pl\/wp-content\/uploads\/2022\/02\/renault-logo.png\" alt=\"\" width=\"240\" height=\"180\" \/><\/figure>\n<h3>Renault<\/h3>\n<p>Captur E-TECH \/ MEGANE E-TEHC \/<\/p>\n<figure><img decoding=\"async\" loading=\"lazy\" src=\"http:\/\/eurologic.com.pl\/wp-content\/uploads\/2022\/02\/seat-logo.png\" alt=\"\" width=\"240\" height=\"180\" \/><\/figure>\n<h3>Seat<\/h3>\n<p>Leon<\/p>\n<figure><img decoding=\"async\" loading=\"lazy\" src=\"http:\/\/eurologic.com.pl\/wp-content\/uploads\/2022\/02\/skoda-logo.png\" alt=\"\" width=\"240\" height=\"180\" \/><\/figure>\n<h3>\u0160koda<\/h3>\n<p>OCTAVIA \/ SUPERB iV<\/p>\n<figure><img decoding=\"async\" loading=\"lazy\" src=\"http:\/\/eurologic.com.pl\/wp-content\/uploads\/2022\/02\/volkswagen-logo.png\" alt=\"\" width=\"240\" height=\"180\" \/><\/figure>\n<h3>Volkswagen<\/h3>\n<p>Golf \/ Passat<\/p>\n<figure><img decoding=\"async\" loading=\"lazy\" src=\"http:\/\/eurologic.com.pl\/wp-content\/uploads\/2022\/02\/volvo-logo.png\" alt=\"\" width=\"240\" height=\"180\" \/><\/figure>\n<h3>Volvo<\/h3>\n<p>S60 \/ S90 \/ V60 \/ V90 \/ XC40 \/ XC60 \/ XC90 \/ V60 D6<\/p>\n<h3>Oferowany produkt jest kompatybilny z: samochodami ELEKTRYCZNYMI (BEV)<\/h3>\n<figure><img decoding=\"async\" loading=\"lazy\" src=\"http:\/\/eurologic.com.pl\/wp-content\/uploads\/2022\/02\/audi-logo.png\" alt=\"\" width=\"240\" height=\"180\" \/><\/figure>\n<h3>Audi<\/h3>\n<p>A6 \/ A7 \/ A8 \/ Q5 \/ Q7<\/p>\n<figure><img decoding=\"async\" loading=\"lazy\" src=\"http:\/\/eurologic.com.pl\/wp-content\/uploads\/2022\/02\/bmw-logo.png\" alt=\"\" width=\"240\" height=\"180\" \/><\/figure>\n<h3>BMW<\/h3>\n<p>2 \/ 3 \/ 5 \/ 7 \/ X1 \/ X2 \/ X3 \/ X5<\/p>\n<figure><img decoding=\"async\" loading=\"lazy\" src=\"http:\/\/eurologic.com.pl\/wp-content\/uploads\/2022\/02\/citroen-logo.png\" alt=\"\" width=\"240\" height=\"180\" \/><\/figure>\n<h3>Citroen<\/h3>\n<p>C5 AIRCROSS<\/p>\n<figure><img decoding=\"async\" loading=\"lazy\" src=\"http:\/\/eurologic.com.pl\/wp-content\/uploads\/2022\/02\/ds-logo.png\" alt=\"\" width=\"240\" height=\"180\" \/><\/figure>\n<h3>DS<\/h3>\n<p>DS 7<\/p>\n<figure><img decoding=\"async\" loading=\"lazy\" src=\"http:\/\/eurologic.com.pl\/wp-content\/uploads\/2022\/02\/ford-logo.png\" alt=\"\" width=\"240\" height=\"180\" \/><\/figure>\n<h3>Ford<\/h3>\n<p>Explorer \/ Kuga \/ Tourneo \/ Transit<\/p>\n<figure><img decoding=\"async\" loading=\"lazy\" src=\"http:\/\/eurologic.com.pl\/wp-content\/uploads\/2022\/02\/hyundai-logo.png\" alt=\"\" width=\"240\" height=\"180\" \/><\/figure>\n<h3>Hyundai<\/h3>\n<p>Ioniq Plug in \/ KONA Plug in \/<\/p>\n<figure><img decoding=\"async\" loading=\"lazy\" src=\"http:\/\/eurologic.com.pl\/wp-content\/uploads\/2022\/02\/jaguar-logo.png\" alt=\"\" width=\"240\" height=\"180\" \/><\/figure>\n<h3>Jaguar<\/h3>\n<p>I-Pace<\/p>\n<figure><img decoding=\"async\" loading=\"lazy\" src=\"http:\/\/eurologic.com.pl\/wp-content\/uploads\/2022\/02\/kia-logo.png\" alt=\"\" width=\"240\" height=\"180\" \/><\/figure>\n<h3>KIA<\/h3>\n<p>Ceed PHEV \/ Niro PHEV \/ XCEED PHEV \/ Sorento PHEV<\/p>\n<figure><img decoding=\"async\" loading=\"lazy\" src=\"http:\/\/eurologic.com.pl\/wp-content\/uploads\/2022\/02\/land-rover-logo.png\" alt=\"\" width=\"240\" height=\"180\" \/><\/figure>\n<h3>Land Rover<\/h3>\n<p>Discovery \/ Range Rover \/ Range Rover Evogue \/ Range Rover Sport \/ Range Rover Velar<\/p>\n<figure><img decoding=\"async\" loading=\"lazy\" src=\"http:\/\/eurologic.com.pl\/wp-content\/uploads\/2022\/02\/mercedes-benz-logo.png\" alt=\"\" width=\"240\" height=\"180\" \/><\/figure>\n<h3>Mercedes Benz<\/h3>\n<p>Klasa A \/ Klasa B \/ Klasa C \/ GLA \/ GLC \/ GLE<\/p>\n<figure><img decoding=\"async\" loading=\"lazy\" src=\"http:\/\/eurologic.com.pl\/wp-content\/uploads\/2022\/02\/mini-logo.png\" alt=\"\" width=\"240\" height=\"180\" \/><\/figure>\n<h3>Mini<\/h3>\n<p>Cooper SE \/ Countryman SE<\/p>\n<figure><img decoding=\"async\" loading=\"lazy\" src=\"http:\/\/eurologic.com.pl\/wp-content\/uploads\/2022\/02\/mitsubishi-logo.png\" alt=\"\" width=\"240\" height=\"180\" \/><\/figure>\n<h3>Mitsubishi<\/h3>\n<p>OUTLANDER<\/p>\n<figure><img decoding=\"async\" loading=\"lazy\" src=\"http:\/\/eurologic.com.pl\/wp-content\/uploads\/2022\/02\/nissan-logo.png\" alt=\"\" width=\"240\" height=\"180\" \/><\/figure>\n<h3>Nissan<\/h3>\n<p>e-NV200 \/ LEAF II \/ LEAF II e<\/p>\n<figure><img decoding=\"async\" loading=\"lazy\" src=\"http:\/\/eurologic.com.pl\/wp-content\/uploads\/2022\/02\/opel-logo.png\" alt=\"\" width=\"240\" height=\"180\" \/><\/figure>\n<h3>Opel<\/h3>\n<p>Corsa-e \/ Mokka-e \/ Vivaro-e \/ Zafira-e Life<\/p>\n<figure><img decoding=\"async\" loading=\"lazy\" src=\"http:\/\/eurologic.com.pl\/wp-content\/uploads\/2022\/02\/peugeot-logo.png\" alt=\"\" width=\"240\" height=\"180\" \/><\/figure>\n<h3>Peugeot<\/h3>\n<p>3008 \/ 508<\/p>\n<figure><img decoding=\"async\" loading=\"lazy\" src=\"http:\/\/eurologic.com.pl\/wp-content\/uploads\/2022\/02\/porsche-logo.png\" alt=\"\" width=\"240\" height=\"180\" \/><\/figure>\n<h3>Porshe<\/h3>\n<p>Cayenne \/ Panamera<\/p>\n<figure><img decoding=\"async\" loading=\"lazy\" src=\"http:\/\/eurologic.com.pl\/wp-content\/uploads\/2022\/02\/renault-logo.png\" alt=\"\" width=\"240\" height=\"180\" \/><\/figure>\n<h3>Renault<\/h3>\n<p>Captur E-TECH \/ MEGANE E-TEHC \/<\/p>\n<figure><img decoding=\"async\" loading=\"lazy\" src=\"http:\/\/eurologic.com.pl\/wp-content\/uploads\/2022\/02\/seat-logo.png\" alt=\"\" width=\"240\" height=\"180\" \/><\/figure>\n<h3>Seat<\/h3>\n<p>Leon<\/p>\n<figure><img decoding=\"async\" loading=\"lazy\" src=\"http:\/\/eurologic.com.pl\/wp-content\/uploads\/2022\/02\/skoda-logo.png\" alt=\"\" width=\"240\" height=\"180\" \/><\/figure>\n<h3>\u0160koda<\/h3>\n<p>OCTAVIA \/ SUPERB iV<\/p>\n<figure><img decoding=\"async\" loading=\"lazy\" src=\"http:\/\/eurologic.com.pl\/wp-content\/uploads\/2022\/02\/volkswagen-logo.png\" alt=\"\" width=\"240\" height=\"180\" \/><\/figure>\n<h3>Volkswagen<\/h3>\n<p>Golf \/ Passat<\/p>\n<figure><img decoding=\"async\" loading=\"lazy\" src=\"http:\/\/eurologic.com.pl\/wp-content\/uploads\/2022\/02\/volvo-logo.png\" alt=\"\" width=\"240\" height=\"180\" \/><\/figure>\n<h3>Volvo<\/h3>\n<p>S60 \/ S90 \/ V60 \/ V90 \/ XC40 \/ XC60 \/ XC90 \/ V60 D6<\/p>\n<p><img decoding=\"async\" loading=\"lazy\" src=\"http:\/\/eurologic.com.pl\/wp-content\/uploads\/2022\/02\/Stacja-ladowania-ladowarka-Alfen-2x-22kW-3Fazy-Marka-Alfen-300x94.jpg\" sizes=\"(max-width: 300px) 100vw, 300px\" srcset=\"http:\/\/eurologic.com.pl\/wp-content\/uploads\/2022\/02\/Stacja-ladowania-ladowarka-Alfen-2x-22kW-3Fazy-Marka-Alfen-300x94.jpg 300w, http:\/\/eurologic.com.pl\/wp-content\/uploads\/2022\/02\/Stacja-ladowania-ladowarka-Alfen-2x-22kW-3Fazy-Marka-Alfen.jpg 535w\" alt=\"\" width=\"300\" height=\"94\" \/><\/p>\n<p><b>ALFEN<\/b>\u00a0to holenderska firma notowana na gie\u0142dzie w Amsterdamie, kt\u00f3ra produkuje stacje \u0142adowania od 2011 roku.<\/p>\n<p>Marka zyska\u0142a mi\u0119dzynarodowe uznanie dzi\u0119ki swoim stacjom \u0142adowania, kt\u00f3re s\u0105 synonimem solidno\u015bci, niezawodno\u015bci i \u0142atwo\u015bci u\u017cytkowania.Wszystkie \u0142adowarki firmy Alfen sa produkowane w Holandii.<\/p>\n","protected":false},"excerpt":{"rendered":"<p>Najnowocze\u015bniejsze rozwi\u0105zania Zaprojektowany z my\u015bl\u0105 o maksymalnej pr\u0119dko\u015bci \u0142adowania Solidny, bezpieczny i niezawodny \u0141\u0105twe zarz\u0105dzania systemami zarz\u0105dzania Eve Single Pro-line firmy Alfen\u00a0jest specjalnie zaprojektowana do u\u017cytku domowego jak i dla<\/p>\n","protected":false},"featured_media":7465,"comment_status":"open","ping_status":"closed","template":"","meta":[],"product_cat":[85],"product_tag":[],"acf":[],"_links":{"self":[{"href":"https:\/\/eurologic.com.pl\/index.php?rest_route=\/wp\/v2\/product\/8077"}],"collection":[{"href":"https:\/\/eurologic.com.pl\/index.php?rest_route=\/wp\/v2\/product"}],"about":[{"href":"https:\/\/eurologic.com.pl\/index.php?rest_route=\/wp\/v2\/types\/product"}],"replies":[{"embeddable":true,"href":"https:\/\/eurologic.com.pl\/index.php?rest_route=%2Fwp%2Fv2%2Fcomments&post=8077"}],"wp:featuredmedia":[{"embeddable":true,"href":"https:\/\/eurologic.com.pl\/index.php?rest_route=\/wp\/v2\/media\/7465"}],"wp:attachment":[{"href":"https:\/\/eurologic.com.pl\/index.php?rest_route=%2Fwp%2Fv2%2Fmedia&parent=8077"}],"wp:term":[{"taxonomy":"product_cat","embeddable":true,"href":"https:\/\/eurologic.com.pl\/index.php?rest_route=%2Fwp%2Fv2%2Fproduct_cat&post=8077"},{"taxonomy":"product_tag","embeddable":true,"href":"https:\/\/eurologic.com.pl\/index.php?rest_route=%2Fwp%2Fv2%2Fproduct_tag&post=8077"}],"curies":[{"name":"wp","href":"https:\/\/api.w.org\/{rel}","templated":true}]}}