{"id":8066,"date":"2024-01-15T13:31:19","date_gmt":"2024-01-15T13:31:19","guid":{"rendered":"https:\/\/eurologic.com.pl\/?post_type=product&#038;p=8066"},"modified":"2024-01-15T13:58:27","modified_gmt":"2024-01-15T13:58:27","slug":"panel-fotowoltaiczny-astronergy-480-wp-czarna-rama-szklo-szklo","status":"publish","type":"product","link":"https:\/\/eurologic.com.pl\/?product=panel-fotowoltaiczny-astronergy-480-wp-czarna-rama-szklo-szklo","title":{"rendered":"Panel Fotowoltaiczny Astronergy 480  Wp Czarna rama, szk\u0142o-szk\u0142o"},"content":{"rendered":"<p style=\"text-align: center;\"><strong>Panel fotowoltaiczny 480 Wp monokrystaliczny modu\u0142 PV CHSM60N(DG)\/F-BH rama czarna. Technologia N &#8211; TYPE<\/strong><\/p>\n<p style=\"text-align: center;\"><strong>15 lat gwarancji na produkt! 30 lat gwarancji na moc<\/strong><\/p>\n<p style=\"text-align: center;\"><strong>\u015arednia sprawno\u015b\u0107 ogniw fotowoltaicznych TOPCon type-n produkowanych na skal\u0119 masow\u0105 wynosi 25,7%<\/strong><\/p>\n<p style=\"text-align: center;\"><strong>Astronergy wiedzie prym w dziedzinie opracowywania modu\u0142\u00f3w fotowoltaicznych TOPCon type-n.<\/strong><\/p>\n<p style=\"text-align: center;\">W serii ASTRO N wykorzystywana jest technologia ogniw TOPCon type-n obejmuj\u0105ca szereg zaawansowanych rozwi\u0105za\u0144 technologicznych, takich jak ogniwa po\u0142\u00f3wkowe z p\u0142yty krzemowej o wielu \u015bcie\u017ckach pr\u0105dowych (Multi-Busbar, MBB) \u2013 w modelu N7 zastosowano najnowsze ogniwa po\u0142\u00f3wkowe z p\u0142yty krzemowej SMBB, a tak\u017ce nieniszcz\u0105ce skrawanie, opakowania o du\u017cej g\u0119sto\u015bci itp. w celu osi\u0105gni\u0119cia licznych korzy\u015bci, takich jak wysoka moc, wysoka wydajno\u015b\u0107, niezawodno\u015b\u0107, wysoka moc wytwarzana w przeliczeniu na jeden wat, niskie koszty bilansowania systemu i niskie koszty energii wytwarzanej przez ca\u0142y okres eksploatacji systemu, a tak\u017ce wyj\u015bcia naprzeciw potrzebom w r\u00f3\u017cnych okoliczno\u015bciach, w tym potrzebom zak\u0142ad\u00f3w energetycznych wytwarzaj\u0105cym energi\u0119 na skal\u0119 przemys\u0142ow\u0105, rozproszonych zak\u0142ad\u00f3w komercyjnych i handlowych, a tak\u017ce obiekt\u00f3w wytwarzaj\u0105cych energi\u0119 w celu zaspokojenia zapotrzebowania gospodarstwa domowego.<\/p>\n<p style=\"text-align: center;\">Wszystkie informacje techniczne, certyfikaty, deklaracje oraz instrukcja monta\u017cu znajduj\u0105 si\u0119 w zak\u0142adce specyfikacja.<\/p>\n<p style=\"text-align: center;\">W przypadku zakupu niepe\u0142nej palety modu\u0142\u00f3w PV do ceny wysy\u0142ki doliczamy cen\u0119 palety : 50 PLN\/paleta netto (61,50 z\u0142 brutto).<\/p>\n","protected":false},"excerpt":{"rendered":"<ul>\n<li><strong>Producent modu\u0142\u00f3w fotowoltaicznych zakwalifikowany w rankingu Tier 1 Bloomberg NEF<\/strong><\/li>\n<li><strong>Jeden z 6 najwi\u0119kszych dostawc\u00f3w na \u015bwiecie pod wzgl\u0119dem wielko\u015bci wysy\u0142ek<\/strong><\/li>\n<li><strong>7-krotny zdobywca tytu\u0142u TOP Performer przyznawanego przez PVEL<\/strong><\/li>\n<li><strong>Najwy\u017csze osi\u0105gni\u0119cia w uj\u0119ciu ca\u0142o\u015bciowym<\/strong><\/li>\n<li><strong>Pionier w dziedzinie modu\u0142\u00f3w TOPCon type-n<\/strong><\/li>\n<li><strong>Pionierskie badania i realizacja inteligentnej produkcji system\u00f3w fotowoltaicznych<\/strong><\/li>\n<\/ul>\n","protected":false},"featured_media":8043,"comment_status":"open","ping_status":"closed","template":"","meta":[],"product_cat":[18,17],"product_tag":[],"acf":[],"_links":{"self":[{"href":"https:\/\/eurologic.com.pl\/index.php?rest_route=\/wp\/v2\/product\/8066"}],"collection":[{"href":"https:\/\/eurologic.com.pl\/index.php?rest_route=\/wp\/v2\/product"}],"about":[{"href":"https:\/\/eurologic.com.pl\/index.php?rest_route=\/wp\/v2\/types\/product"}],"replies":[{"embeddable":true,"href":"https:\/\/eurologic.com.pl\/index.php?rest_route=%2Fwp%2Fv2%2Fcomments&post=8066"}],"wp:featuredmedia":[{"embeddable":true,"href":"https:\/\/eurologic.com.pl\/index.php?rest_route=\/wp\/v2\/media\/8043"}],"wp:attachment":[{"href":"https:\/\/eurologic.com.pl\/index.php?rest_route=%2Fwp%2Fv2%2Fmedia&parent=8066"}],"wp:term":[{"taxonomy":"product_cat","embeddable":true,"href":"https:\/\/eurologic.com.pl\/index.php?rest_route=%2Fwp%2Fv2%2Fproduct_cat&post=8066"},{"taxonomy":"product_tag","embeddable":true,"href":"https:\/\/eurologic.com.pl\/index.php?rest_route=%2Fwp%2Fv2%2Fproduct_tag&post=8066"}],"curies":[{"name":"wp","href":"https:\/\/api.w.org\/{rel}","templated":true}]}}