{"id":10607,"date":"2024-01-23T21:06:07","date_gmt":"2024-01-23T21:06:07","guid":{"rendered":"https:\/\/eurologic.com.pl\/?post_type=product&#038;p=10607"},"modified":"2024-01-23T21:06:10","modified_gmt":"2024-01-23T21:06:10","slug":"pompa-ciepla-lg-hm123mr-4","status":"publish","type":"product","link":"https:\/\/eurologic.com.pl\/?product=pompa-ciepla-lg-hm123mr-4","title":{"rendered":"Pompa Ciep\u0142a LG HM123MR"},"content":{"rendered":"","protected":false},"excerpt":{"rendered":"<p><b>Funkcje<\/b><\/p>\n<ul>\n<li>Wysoka efektywno\u015b\u0107 energetyczna (SCOP4.45 \/ A 1 ))<\/li>\n<li>Doskona\u0142a wydajno\u015b\u0107 przy niskiej temperaturze otoczenia (100% ; -7 \u00b0C)<\/li>\n<li>Szeroki zakres dzia\u0142ania (temperatura otoczenia: -25 ~ 35 \u00b0C \/ strona wodna: 15 ~ 65 \u00b0C)<\/li>\n<li>Czynnik ch\u0142odniczy R32 o wysokiej wydajno\u015bci<\/li>\n<li>Spr\u0119\u017carka R1 Scroll<\/li>\n<li>Pow\u0142oka Ocean Black Fin<\/li>\n<li>SmartThinQ<\/li>\n<li>Certyfikacja KEYMARK \/ MCS \/ EHPA<\/li>\n<\/ul>\n<p>W celu uzyskania wysokiej wydajno\u015bci i niezawodno\u015bci zastosowano spr\u0119\u017cark\u0119 spiraln\u0105 nowego typu. W por\u00f3wnaniu z konwencjonaln\u0105 spr\u0119\u017cark\u0105 spiraln\u0105, ten typ spr\u0119\u017carki jest bardziej zaawansowany. Szczeg\u00f3lnie poprawiono ruch przechylania si\u0119 zespo\u0142u spirali. Ponadto, w odniesieniu do poprzedniego modelu, zosta\u0142 zwi\u0119kszony zakres roboczy spr\u0119\u017carki.<\/p>\n<p><b>Rewolucyjna spr\u0119\u017carka<\/b><\/p>\n<ul>\n<li>Spr\u0119\u017carka spiralna o prostej konstrukcji<\/li>\n<li>Wysoka wydajno\u015b\u0107 (ma\u0142e obci\u0105\u017cenie przy niskiej pr\u0119dko\u015bci \/ ca\u0142kowita wydajno\u015b\u0107)<\/li>\n<li>Niski poziom ha\u0142asu (mo\u017cliwa wysoka pr\u0119dko\u015b\u0107)<\/li>\n<li>Poprawiony ruch przechylania si\u0119 zespo\u0142u spirali<\/li>\n<li>20% zmniejszenie ci\u0119\u017caru (w odniesieniu do spr\u0119\u017carki konwencjonalnej)<\/li>\n<\/ul>\n<p><b>Wtrysk cieczy z par\u0105 (Flash Gas)<\/b><\/p>\n<p>W przypadku czynnika ch\u0142odniczego R32 bardzo wa\u017cne jest, aby prawid\u0142owo kontrolowa\u0107 temperatur\u0119 po stronie t\u0142ocznej spr\u0119\u017carki. W jednostkach Monobloc R32 w celu efektywnego sterowania temperatur\u0105 na wyj\u015bciu spr\u0119\u017carki zastosowano technologi\u0119 wtrysku tzw. \u201eflash gas\u201d, mieszaniny cieczy i pary. Wykorzystanie tej technologii zwi\u0119ksza zakres roboczy przy ogrzewaniu i poprawia wydajno\u015b\u0107 grzewcz\u0105 przy niskich temperaturach otoczenia.<\/p>\n","protected":false},"featured_media":7516,"comment_status":"open","ping_status":"closed","template":"","meta":[],"product_cat":[27],"product_tag":[],"acf":[],"_links":{"self":[{"href":"https:\/\/eurologic.com.pl\/index.php?rest_route=\/wp\/v2\/product\/10607"}],"collection":[{"href":"https:\/\/eurologic.com.pl\/index.php?rest_route=\/wp\/v2\/product"}],"about":[{"href":"https:\/\/eurologic.com.pl\/index.php?rest_route=\/wp\/v2\/types\/product"}],"replies":[{"embeddable":true,"href":"https:\/\/eurologic.com.pl\/index.php?rest_route=%2Fwp%2Fv2%2Fcomments&post=10607"}],"wp:featuredmedia":[{"embeddable":true,"href":"https:\/\/eurologic.com.pl\/index.php?rest_route=\/wp\/v2\/media\/7516"}],"wp:attachment":[{"href":"https:\/\/eurologic.com.pl\/index.php?rest_route=%2Fwp%2Fv2%2Fmedia&parent=10607"}],"wp:term":[{"taxonomy":"product_cat","embeddable":true,"href":"https:\/\/eurologic.com.pl\/index.php?rest_route=%2Fwp%2Fv2%2Fproduct_cat&post=10607"},{"taxonomy":"product_tag","embeddable":true,"href":"https:\/\/eurologic.com.pl\/index.php?rest_route=%2Fwp%2Fv2%2Fproduct_tag&post=10607"}],"curies":[{"name":"wp","href":"https:\/\/api.w.org\/{rel}","templated":true}]}}