{"id":10605,"date":"2024-01-23T21:06:06","date_gmt":"2024-01-23T21:06:06","guid":{"rendered":"https:\/\/eurologic.com.pl\/?post_type=product&#038;p=10605"},"modified":"2024-08-10T10:03:19","modified_gmt":"2024-08-10T10:03:19","slug":"fox-ess-t-serie-t20-g3-4","status":"publish","type":"product","link":"https:\/\/eurologic.com.pl\/?product=fox-ess-t-serie-t20-g3-4","title":{"rendered":"FOX ESS T SERIE T20 (G3)"},"content":{"rendered":"<h3>Dwukierunkowy falownik akumulator\u00f3w o ma\u0142ej mocy<\/h3>\n<h3>Komercyjne i przemys\u0142owe systemy magazynowania<\/h3>\n<h3>Odpowiednie do zastosowa\u0144 z bateriami 2-giej \u017cywotno\u015bci<\/h3>\n<h3>Przygotowany do pracy w trybie wyspowym<\/h3>\n<p><img decoding=\"async\" loading=\"lazy\" src=\"http:\/\/eurologic.com.pl\/wp-content\/uploads\/2022\/04\/01.png\" sizes=\"(max-width: 644px) 100vw, 644px\" srcset=\"https:\/\/eurologic.com.pl\/wp-content\/uploads\/2022\/04\/01.png 644w, https:\/\/eurologic.com.pl\/wp-content\/uploads\/2022\/04\/01-300x211.png 300w\" alt=\"\" width=\"644\" height=\"452\" \/><\/p>\n<p><strong>Falownik akumulatorowy FOX ESS<\/strong>\u00a0Falowniki z serii T s\u0105 dedykowane dla tr\u00f3jfazowych instalacji domowych i ma\u0142ych instalacji komercyjnych. Ich wyr\u00f3\u017cnikiem jest niedo\u015bcigniona wydajno\u015b\u0107 i wszechstronno\u015b\u0107, umo\u017cliwiaj\u0105ca wyd\u0142u\u017cenie okien generowania energii. 3-fazowe falowniki s\u0105 dost\u0119pne w opcji od 3 kW do 25 kW.<\/p>\n<p><strong>Przysz\u0142o\u015bciowy charakter, integracja z systemami magazynowania i systemami fotowoltaicznymi<\/strong><\/p>\n<h2>Najwa\u017cniejsze cechy<\/h2>\n<ul>\n<li>Dwukierunkowy falownik akumulator\u00f3w o ma\u0142ej mocy<\/li>\n<li>ochrona AFCI<\/li>\n<li>wy\u0142\u0105cznik DC<\/li>\n<li>Odpowiednie do zastosowa\u0144 z bateriami 2-giej \u017cywotno\u015bci<\/li>\n<li>Przygotowany do pracy w trybie wyspowym<\/li>\n<\/ul>\n<p><img decoding=\"async\" loading=\"lazy\" src=\"http:\/\/eurologic.com.pl\/wp-content\/uploads\/2022\/04\/Zrzut-ekranu-2022-04-25-185618.jpg\" sizes=\"(max-width: 289px) 100vw, 289px\" srcset=\"https:\/\/eurologic.com.pl\/wp-content\/uploads\/2022\/04\/Zrzut-ekranu-2022-04-25-185618.jpg 289w, https:\/\/eurologic.com.pl\/wp-content\/uploads\/2022\/04\/Zrzut-ekranu-2022-04-25-185618-220x300.jpg 220w\" alt=\"\" width=\"289\" height=\"394\" \/><\/p>\n<h2>Dane techniczne<\/h2>\n<p><img decoding=\"async\" loading=\"lazy\" src=\"https:\/\/mezoko.com\/svg\/dc_in.svg\" alt=\"\" width=\"259\" height=\"93\" \/><\/p>\n<ul>\n<li>maksymalna rekomendowana moc DC [W]: 30000 W<\/li>\n<li>maksymalne napi\u0119cie DC [V]: 1100 V<\/li>\n<li>nominalne napi\u0119cie robocze DC [V]: 600 V<\/li>\n<li>maksymalny pr\u0105d wej\u015bciowy (wej\u015bcie A\/wej\u015bcie B) [A]: 28 \/ 28 A<\/li>\n<li>maksymalny pr\u0105d zwarciowy (wej\u015bcie A\/ wej\u015bcie B) [A]: 36,4 \/ 36,4 A<\/li>\n<li>zakres napi\u0119cia MPPT [Vdc]: 140 &#8211; 1000 V DC<\/li>\n<li>zakres napi\u0119cia MPPT (przy pe\u0142nym obci\u0105\u017ceniu) [Vdc]: 370 &#8211; 850 V DC<\/li>\n<li>napi\u0119cie startowe [V]: 140 V<\/li>\n<li>ilo\u015b\u0107 punkt\u00f3w MPPT: 2<\/li>\n<li>ilo\u015b\u0107 wej\u015b\u0107 na MPPT: 2 2<\/li>\n<\/ul>\n<p><img decoding=\"async\" loading=\"lazy\" src=\"https:\/\/mezoko.com\/svg\/dc_out.svg\" alt=\"\" width=\"260\" height=\"93\" \/><\/p>\n<ul>\n<li>znamionowa moc wyj\u015bciowa [W]: 20000 W<\/li>\n<li>maksymalna moc pozorna AC [VA]: 22000 VA<\/li>\n<li>znamionowe napi\u0119cie sieci [Vac]:\u00a03\/N\/PE, 220V\/380V, 230V\/400V 240V\/415V<\/li>\n<li>znamionowa cz\u0119stotliwo\u015b\u0107 sieci AC [Hz]:\u00a050\/60, \u00b15<\/li>\n<li>znamionowy pr\u0105d AC [A]: 29,0 A<\/li>\n<li>maksymalny pr\u0105d AC [A]: 31,9 A<\/li>\n<li>zakres regulacji wsp\u00f3\u0142czynnika mocy: 1 ( regulacja 0,8 wyprzedzaj\u0105cy do -0,8 op\u00f3\u017aniony)<\/li>\n<li>wsp\u00f3\u0142czynnik zawarto\u015bci harmonicznych THD: &lt;3%<\/li>\n<\/ul>\n<h2>Dane og\u00f3lne<\/h2>\n<ul>\n<li>wymiary (WxHxD): 480 x 370 x 183,5 mm<\/li>\n<li>waga: 20 kg<\/li>\n<li>ch\u0142odzenie: konwekcja<\/li>\n<li>klasa ochronno\u015bci: I<\/li>\n<li>stopie\u0144 ochrony: IP65<\/li>\n<li>topologia: beztransformatorowy<\/li>\n<li>kategoria przeciwprzepi\u0119ciowa: III (strona AC), II (strona DC)<\/li>\n<li>zakres temperatury pracy [\u00b0C]: -25 \u2026. 60\u00a0\u00b0C (obni\u017cenie przy 45\u00b0C)<\/li>\n<li>maksymalna wysoko\u015b\u0107 pracy [m]: 3000 m<\/li>\n<li>wilgotno\u015b\u0107: 0 \u2013 100% (bez kondensacji)<\/li>\n<li>zu\u017cycie w\u0142asne (nocne) [W]: &lt; 3W<\/li>\n<li>stopie\u0144 zanieczyszcze\u0144: II<\/li>\n<li>modu\u0142 monitoruj\u0105cy: RS485, WIFI (standard) \/ GPRS (opcjonalnie) \/ 4G (opcjonalnie) \/ LAN (opcjonalnie)<\/li>\n<li>komunikacja: licznik energii, DRM, aktualizacja USB, E-stop<\/li>\n<li>wy\u015bwietlanie: wy\u015bwietlacz LCD, przycisk dotykowy, aplikacja, strona internetowa<\/li>\n<\/ul>\n","protected":false},"excerpt":{"rendered":"<p>Dwukierunkowy falownik akumulator\u00f3w o ma\u0142ej mocy Komercyjne i przemys\u0142owe systemy magazynowania Odpowiednie do zastosowa\u0144 z bateriami 2-giej \u017cywotno\u015bci Przygotowany do pracy w trybie wyspowym Falownik akumulatorowy FOX ESS\u00a0Falowniki z serii<\/p>\n","protected":false},"featured_media":7512,"comment_status":"open","ping_status":"closed","template":"","meta":[],"product_cat":[89,25],"product_tag":[],"acf":[],"_links":{"self":[{"href":"https:\/\/eurologic.com.pl\/index.php?rest_route=\/wp\/v2\/product\/10605"}],"collection":[{"href":"https:\/\/eurologic.com.pl\/index.php?rest_route=\/wp\/v2\/product"}],"about":[{"href":"https:\/\/eurologic.com.pl\/index.php?rest_route=\/wp\/v2\/types\/product"}],"replies":[{"embeddable":true,"href":"https:\/\/eurologic.com.pl\/index.php?rest_route=%2Fwp%2Fv2%2Fcomments&post=10605"}],"wp:featuredmedia":[{"embeddable":true,"href":"https:\/\/eurologic.com.pl\/index.php?rest_route=\/wp\/v2\/media\/7512"}],"wp:attachment":[{"href":"https:\/\/eurologic.com.pl\/index.php?rest_route=%2Fwp%2Fv2%2Fmedia&parent=10605"}],"wp:term":[{"taxonomy":"product_cat","embeddable":true,"href":"https:\/\/eurologic.com.pl\/index.php?rest_route=%2Fwp%2Fv2%2Fproduct_cat&post=10605"},{"taxonomy":"product_tag","embeddable":true,"href":"https:\/\/eurologic.com.pl\/index.php?rest_route=%2Fwp%2Fv2%2Fproduct_tag&post=10605"}],"curies":[{"name":"wp","href":"https:\/\/api.w.org\/{rel}","templated":true}]}}