{"id":10601,"date":"2024-01-23T21:06:06","date_gmt":"2024-01-23T21:06:06","guid":{"rendered":"https:\/\/eurologic.com.pl\/?post_type=product&#038;p=10601"},"modified":"2024-01-23T21:06:08","modified_gmt":"2024-01-23T21:06:08","slug":"stacja-ladowania-alfen-podstawa-ladowarki-4","status":"publish","type":"product","link":"https:\/\/eurologic.com.pl\/?product=stacja-ladowania-alfen-podstawa-ladowarki-4","title":{"rendered":"Stacja \u0142adowania Alfen Podstawa \u0142adowarki"},"content":{"rendered":"<h3>Najnowocze\u015bniejsze rozwi\u0105zania<\/h3>\n<h3>Zaprojektowany z my\u015bl\u0105 o maksymalnej pr\u0119dko\u015bci \u0142adowania<\/h3>\n<h3>Solidny, bezpieczny i niezawodny<\/h3>\n<p><img decoding=\"async\" loading=\"lazy\" src=\"http:\/\/eurologic.com.pl\/wp-content\/uploads\/2022\/03\/Stacja-ladowania-Podstawa-ALFEN-single-pro-line-Marka-Alfen-1024x710.jpg\" sizes=\"(max-width: 1024px) 100vw, 1024px\" srcset=\"http:\/\/eurologic.com.pl\/wp-content\/uploads\/2022\/03\/Stacja-ladowania-Podstawa-ALFEN-single-pro-line-Marka-Alfen-1024x710.jpg 1024w, http:\/\/eurologic.com.pl\/wp-content\/uploads\/2022\/03\/Stacja-ladowania-Podstawa-ALFEN-single-pro-line-Marka-Alfen-300x208.jpg 300w, http:\/\/eurologic.com.pl\/wp-content\/uploads\/2022\/03\/Stacja-ladowania-Podstawa-ALFEN-single-pro-line-Marka-Alfen-768x532.jpg 768w, http:\/\/eurologic.com.pl\/wp-content\/uploads\/2022\/03\/Stacja-ladowania-Podstawa-ALFEN-single-pro-line-Marka-Alfen-600x416.jpg 600w, http:\/\/eurologic.com.pl\/wp-content\/uploads\/2022\/03\/Stacja-ladowania-Podstawa-ALFEN-single-pro-line-Marka-Alfen.jpg 1293w\" alt=\"\" width=\"1024\" height=\"710\" \/><\/p>\n<p>Podstopnica do stacji \u0142adowania firmy <strong>Alfen\u00a0 Single pro-line<\/strong>. Na innych aukcjach mamy dost\u0119pne stacje \u0142adowania.<\/p>\n<h3>Oferowany produkt jest kompatybilny z: samochodami hybrydowymi PLUG &#8211; IN (PHEV)<\/h3>\n<figure><img decoding=\"async\" loading=\"lazy\" src=\"http:\/\/eurologic.com.pl\/wp-content\/uploads\/2022\/02\/audi-logo.png\" alt=\"\" width=\"240\" height=\"180\" \/><\/figure>\n<h3>Audi<\/h3>\n<p>A6 \/ A7 \/ A8 \/ Q5 \/ Q7<\/p>\n<figure><img decoding=\"async\" loading=\"lazy\" src=\"http:\/\/eurologic.com.pl\/wp-content\/uploads\/2022\/02\/bmw-logo.png\" alt=\"\" width=\"240\" height=\"180\" \/><\/figure>\n<h3>BMW<\/h3>\n<p>2 \/ 3 \/ 5 \/ 7 \/ X1 \/ X2 \/ X3 \/ X5<\/p>\n<figure><img decoding=\"async\" loading=\"lazy\" src=\"http:\/\/eurologic.com.pl\/wp-content\/uploads\/2022\/02\/citroen-logo.png\" alt=\"\" width=\"240\" height=\"180\" \/><\/figure>\n<h3>Citroen<\/h3>\n<p>C5 AIRCROSS<\/p>\n<figure><img decoding=\"async\" loading=\"lazy\" src=\"http:\/\/eurologic.com.pl\/wp-content\/uploads\/2022\/02\/ds-logo.png\" alt=\"\" width=\"240\" height=\"180\" \/><\/figure>\n<h3>DS<\/h3>\n<p>DS 7<\/p>\n<figure><img decoding=\"async\" loading=\"lazy\" src=\"http:\/\/eurologic.com.pl\/wp-content\/uploads\/2022\/02\/ford-logo.png\" alt=\"\" width=\"240\" height=\"180\" \/><\/figure>\n<h3>Ford<\/h3>\n<p>Explorer \/ Kuga \/ Tourneo \/ Transit<\/p>\n<figure><img decoding=\"async\" loading=\"lazy\" src=\"http:\/\/eurologic.com.pl\/wp-content\/uploads\/2022\/02\/hyundai-logo.png\" alt=\"\" width=\"240\" height=\"180\" \/><\/figure>\n<h3>Hyundai<\/h3>\n<p>Ioniq Plug in \/ KONA Plug in \/<\/p>\n<figure><img decoding=\"async\" loading=\"lazy\" src=\"http:\/\/eurologic.com.pl\/wp-content\/uploads\/2022\/02\/jaguar-logo.png\" alt=\"\" width=\"240\" height=\"180\" \/><\/figure>\n<h3>Jaguar<\/h3>\n<p>I-Pace<\/p>\n<figure><img decoding=\"async\" loading=\"lazy\" src=\"http:\/\/eurologic.com.pl\/wp-content\/uploads\/2022\/02\/kia-logo.png\" alt=\"\" width=\"240\" height=\"180\" \/><\/figure>\n<h3>KIA<\/h3>\n<p>Ceed PHEV \/ Niro PHEV \/ XCEED PHEV \/ Sorento PHEV<\/p>\n<figure><img decoding=\"async\" loading=\"lazy\" src=\"http:\/\/eurologic.com.pl\/wp-content\/uploads\/2022\/02\/land-rover-logo.png\" alt=\"\" width=\"240\" height=\"180\" \/><\/figure>\n<h3>Land Rover<\/h3>\n<p>Discovery \/ Range Rover \/ Range Rover Evogue \/ Range Rover Sport \/ Range Rover Velar<\/p>\n<figure><img decoding=\"async\" loading=\"lazy\" src=\"http:\/\/eurologic.com.pl\/wp-content\/uploads\/2022\/02\/mercedes-benz-logo.png\" alt=\"\" width=\"240\" height=\"180\" \/><\/figure>\n<h3>Mercedes Benz<\/h3>\n<p>Klasa A \/ Klasa B \/ Klasa C \/ GLA \/ GLC \/ GLE<\/p>\n<figure><img decoding=\"async\" loading=\"lazy\" src=\"http:\/\/eurologic.com.pl\/wp-content\/uploads\/2022\/02\/mini-logo.png\" alt=\"\" width=\"240\" height=\"180\" \/><\/figure>\n<h3>Mini<\/h3>\n<p>Cooper SE \/ Countryman SE<\/p>\n<figure><img decoding=\"async\" loading=\"lazy\" src=\"http:\/\/eurologic.com.pl\/wp-content\/uploads\/2022\/02\/mitsubishi-logo.png\" alt=\"\" width=\"240\" height=\"180\" \/><\/figure>\n<h3>Mitsubishi<\/h3>\n<p>OUTLANDER<\/p>\n<figure><img decoding=\"async\" loading=\"lazy\" src=\"http:\/\/eurologic.com.pl\/wp-content\/uploads\/2022\/02\/nissan-logo.png\" alt=\"\" width=\"240\" height=\"180\" \/><\/figure>\n<h3>Nissan<\/h3>\n<p>e-NV200 \/ LEAF II \/ LEAF II e<\/p>\n<figure><img decoding=\"async\" loading=\"lazy\" src=\"http:\/\/eurologic.com.pl\/wp-content\/uploads\/2022\/02\/opel-logo.png\" alt=\"\" width=\"240\" height=\"180\" \/><\/figure>\n<h3>Opel<\/h3>\n<p>Corsa-e \/ Mokka-e \/ Vivaro-e \/ Zafira-e Life<\/p>\n<figure><img decoding=\"async\" loading=\"lazy\" src=\"http:\/\/eurologic.com.pl\/wp-content\/uploads\/2022\/02\/peugeot-logo.png\" alt=\"\" width=\"240\" height=\"180\" \/><\/figure>\n<h3>Peugeot<\/h3>\n<p>3008 \/ 508<\/p>\n<figure><img decoding=\"async\" loading=\"lazy\" src=\"http:\/\/eurologic.com.pl\/wp-content\/uploads\/2022\/02\/porsche-logo.png\" alt=\"\" width=\"240\" height=\"180\" \/><\/figure>\n<h3>Porshe<\/h3>\n<p>Cayenne \/ Panamera<\/p>\n<figure><img decoding=\"async\" loading=\"lazy\" src=\"http:\/\/eurologic.com.pl\/wp-content\/uploads\/2022\/02\/renault-logo.png\" alt=\"\" width=\"240\" height=\"180\" \/><\/figure>\n<h3>Renault<\/h3>\n<p>Captur E-TECH \/ MEGANE E-TEHC \/<\/p>\n<figure><img decoding=\"async\" loading=\"lazy\" src=\"http:\/\/eurologic.com.pl\/wp-content\/uploads\/2022\/02\/seat-logo.png\" alt=\"\" width=\"240\" height=\"180\" \/><\/figure>\n<h3>Seat<\/h3>\n<p>Leon<\/p>\n<figure><img decoding=\"async\" loading=\"lazy\" src=\"http:\/\/eurologic.com.pl\/wp-content\/uploads\/2022\/02\/skoda-logo.png\" alt=\"\" width=\"240\" height=\"180\" \/><\/figure>\n<h3>\u0160koda<\/h3>\n<p>OCTAVIA \/ SUPERB iV<\/p>\n<figure><img decoding=\"async\" loading=\"lazy\" src=\"http:\/\/eurologic.com.pl\/wp-content\/uploads\/2022\/02\/volkswagen-logo.png\" alt=\"\" width=\"240\" height=\"180\" \/><\/figure>\n<h3>Volkswagen<\/h3>\n<p>Golf \/ Passat<\/p>\n<figure><img decoding=\"async\" loading=\"lazy\" src=\"http:\/\/eurologic.com.pl\/wp-content\/uploads\/2022\/02\/volvo-logo.png\" alt=\"\" width=\"240\" height=\"180\" \/><\/figure>\n<h3>Volvo<\/h3>\n<p>S60 \/ S90 \/ V60 \/ V90 \/ XC40 \/ XC60 \/ XC90 \/ V60 D6<\/p>\n<h3>Oferowany produkt jest kompatybilny z: samochodami ELEKTRYCZNYMI (BEV)<\/h3>\n<figure><img decoding=\"async\" loading=\"lazy\" src=\"http:\/\/eurologic.com.pl\/wp-content\/uploads\/2022\/02\/audi-logo.png\" alt=\"\" width=\"240\" height=\"180\" \/><\/figure>\n<h3>Audi<\/h3>\n<p>A6 \/ A7 \/ A8 \/ Q5 \/ Q7<\/p>\n<figure><img decoding=\"async\" loading=\"lazy\" src=\"http:\/\/eurologic.com.pl\/wp-content\/uploads\/2022\/02\/bmw-logo.png\" alt=\"\" width=\"240\" height=\"180\" \/><\/figure>\n<h3>BMW<\/h3>\n<p>2 \/ 3 \/ 5 \/ 7 \/ X1 \/ X2 \/ X3 \/ X5<\/p>\n<figure><img decoding=\"async\" loading=\"lazy\" src=\"http:\/\/eurologic.com.pl\/wp-content\/uploads\/2022\/02\/citroen-logo.png\" alt=\"\" width=\"240\" height=\"180\" \/><\/figure>\n<h3>Citroen<\/h3>\n<p>C5 AIRCROSS<\/p>\n<figure><img decoding=\"async\" loading=\"lazy\" src=\"http:\/\/eurologic.com.pl\/wp-content\/uploads\/2022\/02\/ds-logo.png\" alt=\"\" width=\"240\" height=\"180\" \/><\/figure>\n<h3>DS<\/h3>\n<p>DS 7<\/p>\n<figure><img decoding=\"async\" loading=\"lazy\" src=\"http:\/\/eurologic.com.pl\/wp-content\/uploads\/2022\/02\/ford-logo.png\" alt=\"\" width=\"240\" height=\"180\" \/><\/figure>\n<h3>Ford<\/h3>\n<p>Explorer \/ Kuga \/ Tourneo \/ Transit<\/p>\n<figure><img decoding=\"async\" loading=\"lazy\" src=\"http:\/\/eurologic.com.pl\/wp-content\/uploads\/2022\/02\/hyundai-logo.png\" alt=\"\" width=\"240\" height=\"180\" \/><\/figure>\n<h3>Hyundai<\/h3>\n<p>Ioniq Plug in \/ KONA Plug in \/<\/p>\n<figure><img decoding=\"async\" loading=\"lazy\" src=\"http:\/\/eurologic.com.pl\/wp-content\/uploads\/2022\/02\/jaguar-logo.png\" alt=\"\" width=\"240\" height=\"180\" \/><\/figure>\n<h3>Jaguar<\/h3>\n<p>I-Pace<\/p>\n<figure><img decoding=\"async\" loading=\"lazy\" src=\"http:\/\/eurologic.com.pl\/wp-content\/uploads\/2022\/02\/kia-logo.png\" alt=\"\" width=\"240\" height=\"180\" \/><\/figure>\n<h3>KIA<\/h3>\n<p>Ceed PHEV \/ Niro PHEV \/ XCEED PHEV \/ Sorento PHEV<\/p>\n<figure><img decoding=\"async\" loading=\"lazy\" src=\"http:\/\/eurologic.com.pl\/wp-content\/uploads\/2022\/02\/land-rover-logo.png\" alt=\"\" width=\"240\" height=\"180\" \/><\/figure>\n<h3>Land Rover<\/h3>\n<p>Discovery \/ Range Rover \/ Range Rover Evogue \/ Range Rover Sport \/ Range Rover Velar<\/p>\n<figure><img decoding=\"async\" loading=\"lazy\" src=\"http:\/\/eurologic.com.pl\/wp-content\/uploads\/2022\/02\/mercedes-benz-logo.png\" alt=\"\" width=\"240\" height=\"180\" \/><\/figure>\n<h3>Mercedes Benz<\/h3>\n<p>Klasa A \/ Klasa B \/ Klasa C \/ GLA \/ GLC \/ GLE<\/p>\n<figure><img decoding=\"async\" loading=\"lazy\" src=\"http:\/\/eurologic.com.pl\/wp-content\/uploads\/2022\/02\/mini-logo.png\" alt=\"\" width=\"240\" height=\"180\" \/><\/figure>\n<h3>Mini<\/h3>\n<p>Cooper SE \/ Countryman SE<\/p>\n<figure><img decoding=\"async\" loading=\"lazy\" src=\"http:\/\/eurologic.com.pl\/wp-content\/uploads\/2022\/02\/mitsubishi-logo.png\" alt=\"\" width=\"240\" height=\"180\" \/><\/figure>\n<h3>Mitsubishi<\/h3>\n<p>OUTLANDER<\/p>\n<figure><img decoding=\"async\" loading=\"lazy\" src=\"http:\/\/eurologic.com.pl\/wp-content\/uploads\/2022\/02\/nissan-logo.png\" alt=\"\" width=\"240\" height=\"180\" \/><\/figure>\n<h3>Nissan<\/h3>\n<p>e-NV200 \/ LEAF II \/ LEAF II e<\/p>\n<figure><img decoding=\"async\" loading=\"lazy\" src=\"http:\/\/eurologic.com.pl\/wp-content\/uploads\/2022\/02\/opel-logo.png\" alt=\"\" width=\"240\" height=\"180\" \/><\/figure>\n<h3>Opel<\/h3>\n<p>Corsa-e \/ Mokka-e \/ Vivaro-e \/ Zafira-e Life<\/p>\n<figure><img decoding=\"async\" loading=\"lazy\" src=\"http:\/\/eurologic.com.pl\/wp-content\/uploads\/2022\/02\/peugeot-logo.png\" alt=\"\" width=\"240\" height=\"180\" \/><\/figure>\n<h3>Peugeot<\/h3>\n<p>3008 \/ 508<\/p>\n<figure><img decoding=\"async\" loading=\"lazy\" src=\"http:\/\/eurologic.com.pl\/wp-content\/uploads\/2022\/02\/porsche-logo.png\" alt=\"\" width=\"240\" height=\"180\" \/><\/figure>\n<h3>Porshe<\/h3>\n<p>Cayenne \/ Panamera<\/p>\n<figure><img decoding=\"async\" loading=\"lazy\" src=\"http:\/\/eurologic.com.pl\/wp-content\/uploads\/2022\/02\/renault-logo.png\" alt=\"\" width=\"240\" height=\"180\" \/><\/figure>\n<h3>Renault<\/h3>\n<p>Captur E-TECH \/ MEGANE E-TEHC \/<\/p>\n<figure><img decoding=\"async\" loading=\"lazy\" src=\"http:\/\/eurologic.com.pl\/wp-content\/uploads\/2022\/02\/seat-logo.png\" alt=\"\" width=\"240\" height=\"180\" \/><\/figure>\n<h3>Seat<\/h3>\n<p>Leon<\/p>\n<figure><img decoding=\"async\" loading=\"lazy\" src=\"http:\/\/eurologic.com.pl\/wp-content\/uploads\/2022\/02\/skoda-logo.png\" alt=\"\" width=\"240\" height=\"180\" \/><\/figure>\n<h3>\u0160koda<\/h3>\n<p>OCTAVIA \/ SUPERB iV<\/p>\n<figure><img decoding=\"async\" loading=\"lazy\" src=\"http:\/\/eurologic.com.pl\/wp-content\/uploads\/2022\/02\/volkswagen-logo.png\" alt=\"\" width=\"240\" height=\"180\" \/><\/figure>\n<h3>Volkswagen<\/h3>\n<p>Golf \/ Passat<\/p>\n<figure><img decoding=\"async\" loading=\"lazy\" src=\"http:\/\/eurologic.com.pl\/wp-content\/uploads\/2022\/02\/volvo-logo.png\" alt=\"\" width=\"240\" height=\"180\" \/><\/figure>\n<h3>Volvo<\/h3>\n<p>S60 \/ S90 \/ V60 \/ V90 \/ XC40 \/ XC60 \/ XC90 \/ V60 D6<\/p>\n<p><img decoding=\"async\" loading=\"lazy\" src=\"http:\/\/eurologic.com.pl\/wp-content\/uploads\/2022\/02\/Stacja-ladowania-ladowarka-Alfen-2x-22kW-3Fazy-Marka-Alfen-300x94.jpg\" sizes=\"(max-width: 300px) 100vw, 300px\" srcset=\"http:\/\/eurologic.com.pl\/wp-content\/uploads\/2022\/02\/Stacja-ladowania-ladowarka-Alfen-2x-22kW-3Fazy-Marka-Alfen-300x94.jpg 300w, http:\/\/eurologic.com.pl\/wp-content\/uploads\/2022\/02\/Stacja-ladowania-ladowarka-Alfen-2x-22kW-3Fazy-Marka-Alfen.jpg 535w\" alt=\"\" width=\"300\" height=\"94\" \/><\/p>\n<p><b>ALFEN<\/b>\u00a0to holenderska firma notowana na gie\u0142dzie w Amsterdamie, kt\u00f3ra produkuje stacje \u0142adowania od 2011 roku.<\/p>\n<p>Marka zyska\u0142a mi\u0119dzynarodowe uznanie dzi\u0119ki swoim stacjom \u0142adowania, kt\u00f3re s\u0105 synonimem solidno\u015bci, niezawodno\u015bci i \u0142atwo\u015bci u\u017cytkowania.Wszystkie \u0142adowarki firmy Alfen sa produkowane w Holandii.<\/p>\n","protected":false},"excerpt":{"rendered":"<p>Najnowocze\u015bniejsze rozwi\u0105zania Zaprojektowany z my\u015bl\u0105 o maksymalnej pr\u0119dko\u015bci \u0142adowania Solidny, bezpieczny i niezawodny Podstopnica do stacji \u0142adowania firmy Alfen\u00a0 Single pro-line. Na innych aukcjach mamy dost\u0119pne stacje \u0142adowania. Oferowany produkt<\/p>\n","protected":false},"featured_media":7472,"comment_status":"open","ping_status":"closed","template":"","meta":[],"product_cat":[86,87],"product_tag":[],"acf":[],"_links":{"self":[{"href":"https:\/\/eurologic.com.pl\/index.php?rest_route=\/wp\/v2\/product\/10601"}],"collection":[{"href":"https:\/\/eurologic.com.pl\/index.php?rest_route=\/wp\/v2\/product"}],"about":[{"href":"https:\/\/eurologic.com.pl\/index.php?rest_route=\/wp\/v2\/types\/product"}],"replies":[{"embeddable":true,"href":"https:\/\/eurologic.com.pl\/index.php?rest_route=%2Fwp%2Fv2%2Fcomments&post=10601"}],"wp:featuredmedia":[{"embeddable":true,"href":"https:\/\/eurologic.com.pl\/index.php?rest_route=\/wp\/v2\/media\/7472"}],"wp:attachment":[{"href":"https:\/\/eurologic.com.pl\/index.php?rest_route=%2Fwp%2Fv2%2Fmedia&parent=10601"}],"wp:term":[{"taxonomy":"product_cat","embeddable":true,"href":"https:\/\/eurologic.com.pl\/index.php?rest_route=%2Fwp%2Fv2%2Fproduct_cat&post=10601"},{"taxonomy":"product_tag","embeddable":true,"href":"https:\/\/eurologic.com.pl\/index.php?rest_route=%2Fwp%2Fv2%2Fproduct_tag&post=10601"}],"curies":[{"name":"wp","href":"https:\/\/api.w.org\/{rel}","templated":true}]}}