{"id":10465,"date":"2024-01-22T17:39:23","date_gmt":"2024-01-22T17:39:23","guid":{"rendered":"https:\/\/eurologic.com.pl\/?post_type=product&#038;p=10465"},"modified":"2024-01-22T17:39:24","modified_gmt":"2024-01-22T17:39:24","slug":"stacja-ladowania-ladowarka-alfen-2x-22kw-3fazy-3","status":"publish","type":"product","link":"https:\/\/eurologic.com.pl\/?product=stacja-ladowania-ladowarka-alfen-2x-22kw-3fazy-3","title":{"rendered":"Stacja \u0141adowania \u0141adowarka Alfen 2x 22kW 3Fazy"},"content":{"rendered":"<h3>Najnowocze\u015bniejsze rozwi\u0105zania<\/h3>\n<h3>Zaprojektowany z my\u015bl\u0105 o maksymalnej pr\u0119dko\u015bci \u0142adowania<\/h3>\n<h3>Solidny, bezpieczny i niezawodny<\/h3>\n<h3>\u0141\u0105twe zarz\u0105dzania systemami zarz\u0105dzania<\/h3>\n<p><img decoding=\"async\" loading=\"lazy\" src=\"http:\/\/eurologic.com.pl\/wp-content\/uploads\/2022\/02\/Stacja-ladowania-ladowarka-Alfen-2x-22kW-3Fazy-Kod-producenta-904461022.jpg\" sizes=\"(max-width: 720px) 100vw, 720px\" srcset=\"http:\/\/eurologic.com.pl\/wp-content\/uploads\/2022\/02\/Stacja-ladowania-ladowarka-Alfen-2x-22kW-3Fazy-Kod-producenta-904461022.jpg 720w, http:\/\/eurologic.com.pl\/wp-content\/uploads\/2022\/02\/Stacja-ladowania-ladowarka-Alfen-2x-22kW-3Fazy-Kod-producenta-904461022-300x219.jpg 300w, http:\/\/eurologic.com.pl\/wp-content\/uploads\/2022\/02\/Stacja-ladowania-ladowarka-Alfen-2x-22kW-3Fazy-Kod-producenta-904461022-600x438.jpg 600w\" alt=\"\" width=\"720\" height=\"525\" \/><\/p>\n<p><b>Eve double Pro-line firmy Alfen<\/b>\u00a0jest specjalnie zaprojektowana do u\u017cytku domowego jak i dla klient\u00f3w biznesowych. Oferuje zalety wynikaj\u0105ce z inteligentnego sposobu \u0142adowania w przyst\u0119pnej cenie. Ta stacja \u0142adowania o mocy 2 x 22 kW zbudowana jest w kompaktowej obudowie z poliw\u0119glanu, dzi\u0119ki czemu jest lekka i trwa\u0142a. Stacj\u0119 \u0142adowania mo\u017cna zamontowa\u0107 zar\u00f3wno na \u015bcianie jak i na s\u0142upku monta\u017cowym.<\/p>\n<p><b>Wallbox Alfen Eve double Pro-line 22 kW<\/b>\u00a0wyposa\u017cony jest w udogodnienia, kt\u00f3rych inni w podstawie nie maj\u0105.<\/p>\n<ul>\n<li>Detekcja pr\u0105du DC 6mA<\/li>\n<li>Komunikacja LAN<\/li>\n<li>Licznik energii elektrycznej<\/li>\n<li>Dedykowana aplikacja do zarz\u0105dzania stacj\u0105 \u0142adowania<\/li>\n<li>P\u0142yta monta\u017cowa<\/li>\n<li>Modu\u0142 komunikacji OCPP<\/li>\n<li>Wodoodporno\u015b\u0107 IP 55<\/li>\n<li>Kolorowy wy\u015bwietlacz TFT 7 \u201d z mo\u017cliwo\u015bci\u0105 personalizacji<\/li>\n<\/ul>\n<p><img decoding=\"async\" loading=\"lazy\" src=\"http:\/\/eurologic.com.pl\/wp-content\/uploads\/2022\/02\/2.jpg\" sizes=\"(max-width: 800px) 100vw, 800px\" srcset=\"http:\/\/eurologic.com.pl\/wp-content\/uploads\/2022\/02\/2.jpg 800w, http:\/\/eurologic.com.pl\/wp-content\/uploads\/2022\/02\/2-300x300.jpg 300w, http:\/\/eurologic.com.pl\/wp-content\/uploads\/2022\/02\/2-150x150.jpg 150w, http:\/\/eurologic.com.pl\/wp-content\/uploads\/2022\/02\/2-768x768.jpg 768w, http:\/\/eurologic.com.pl\/wp-content\/uploads\/2022\/02\/2-600x600.jpg 600w, http:\/\/eurologic.com.pl\/wp-content\/uploads\/2022\/02\/2-100x100.jpg 100w\" alt=\"\" width=\"800\" height=\"800\" \/><\/p>\n<h2>Dane techniczne<\/h2>\n<ul>\n<li>Nominalna \u0142adowania:<b>22\u00a0kW<\/b><\/li>\n<li>Nominalny pr\u0105d \u0142adowania:<b>32A<\/b><\/li>\n<li>Regulacja mocy \u0142adowania:\u00a0<b>TAK<\/b><\/li>\n<li>Liczba faz:<b>3\u00a0PH<\/b><\/li>\n<li>Napi\u0119cie znamionowe:<b>400 V (3&#215;230)<\/b><\/li>\n<li>Cz\u0119stotliwo\u015b\u0107:\u00a0<b>50 Hz<\/b><\/li>\n<li>Zabezpieczenia elektryczne:\u00a0<b>Monitoring DC 6 mA<\/b><\/li>\n<li>Tryb \u0142adowania:<b>MODE 3<\/b><\/li>\n<li>Dost\u0119pne z\u0142\u0105cza:<b>2 x Typ 2 (Gniazdo)<\/b><\/li>\n<li>Temeratura pracy:\u00a0<b>-25 do 40<\/b><b>C<\/b><\/li>\n<\/ul>\n<ul>\n<li>Udarno\u015b\u0107:<b>IK10<\/b><\/li>\n<li>Wymiary (WxSxG):<b>590 x 338 x 230 mm<\/b><\/li>\n<li>Licznik energii elektrycznej:<b>TAK<\/b><\/li>\n<li>Autoryzacja RFID:\u00a0<b>TAK (opcja)<\/b><\/li>\n<li>Plug&amp;Charge:<b>TAK<\/b><\/li>\n<li>Komunikacja LAN:\u00a0<b>TAK<\/b><\/li>\n<li>Komunikacja WLAN:\u00a0<b>GPRS 4G (opcja)<\/b><\/li>\n<li>Komunikacja GSM (4G):\u00a0<b>TAK (opcja)<\/b><\/li>\n<li>Dedykowana aplikacja:\u00a0<b>TAK (opcja)<\/b><\/li>\n<li>Podw\u00f3jny kabel zasilaj\u0105cy<\/li>\n<\/ul>\n<h2>Zintegrowany wy\u0142\u0105cznik r\u00f3\u017cnicowopr\u0105dowy na ka\u017cde gniazdo 30 mA, przeka\u017aniki kontroli faz, szeregowy przeka\u017anik bezpiecze\u0144stwa<\/h2>\n<h3>Oferowany produkt jest kompatybilny z: samochodami hybrydowymi PLUG &#8211; IN (PHEV)<\/h3>\n<figure><img decoding=\"async\" loading=\"lazy\" src=\"http:\/\/eurologic.com.pl\/wp-content\/uploads\/2022\/02\/audi-logo.png\" alt=\"\" width=\"240\" height=\"180\" \/><\/figure>\n<h3>Audi<\/h3>\n<p>A6 \/ A7 \/ A8 \/ Q5 \/ Q7<\/p>\n<figure><img decoding=\"async\" loading=\"lazy\" src=\"http:\/\/eurologic.com.pl\/wp-content\/uploads\/2022\/02\/bmw-logo.png\" alt=\"\" width=\"240\" height=\"180\" \/><\/figure>\n<h3>BMW<\/h3>\n<p>2 \/ 3 \/ 5 \/ 7 \/ X1 \/ X2 \/ X3 \/ X5<\/p>\n<figure><img decoding=\"async\" loading=\"lazy\" src=\"http:\/\/eurologic.com.pl\/wp-content\/uploads\/2022\/02\/citroen-logo.png\" alt=\"\" width=\"240\" height=\"180\" \/><\/figure>\n<h3>Citroen<\/h3>\n<p>C5 AIRCROSS<\/p>\n<figure><img decoding=\"async\" loading=\"lazy\" src=\"http:\/\/eurologic.com.pl\/wp-content\/uploads\/2022\/02\/ds-logo.png\" alt=\"\" width=\"240\" height=\"180\" \/><\/figure>\n<h3>DS<\/h3>\n<p>DS 7<\/p>\n<figure><img decoding=\"async\" loading=\"lazy\" src=\"http:\/\/eurologic.com.pl\/wp-content\/uploads\/2022\/02\/ford-logo.png\" alt=\"\" width=\"240\" height=\"180\" \/><\/figure>\n<h3>Ford<\/h3>\n<p>Explorer \/ Kuga \/ Tourneo \/ Transit<\/p>\n<figure><img decoding=\"async\" loading=\"lazy\" src=\"http:\/\/eurologic.com.pl\/wp-content\/uploads\/2022\/02\/hyundai-logo.png\" alt=\"\" width=\"240\" height=\"180\" \/><\/figure>\n<h3>Hyundai<\/h3>\n<p>Ioniq Plug in \/ KONA Plug in \/<\/p>\n<figure><img decoding=\"async\" loading=\"lazy\" src=\"http:\/\/eurologic.com.pl\/wp-content\/uploads\/2022\/02\/jaguar-logo.png\" alt=\"\" width=\"240\" height=\"180\" \/><\/figure>\n<h3>Jaguar<\/h3>\n<p>I-Pace<\/p>\n<figure><img decoding=\"async\" loading=\"lazy\" src=\"http:\/\/eurologic.com.pl\/wp-content\/uploads\/2022\/02\/kia-logo.png\" alt=\"\" width=\"240\" height=\"180\" \/><\/figure>\n<h3>KIA<\/h3>\n<p>Ceed PHEV \/ Niro PHEV \/ XCEED PHEV \/ Sorento PHEV<\/p>\n<figure><img decoding=\"async\" loading=\"lazy\" src=\"http:\/\/eurologic.com.pl\/wp-content\/uploads\/2022\/02\/land-rover-logo.png\" alt=\"\" width=\"240\" height=\"180\" \/><\/figure>\n<h3>Land Rover<\/h3>\n<p>Discovery \/ Range Rover \/ Range Rover Evogue \/ Range Rover Sport \/ Range Rover Velar<\/p>\n<figure><img decoding=\"async\" loading=\"lazy\" src=\"http:\/\/eurologic.com.pl\/wp-content\/uploads\/2022\/02\/mercedes-benz-logo.png\" alt=\"\" width=\"240\" height=\"180\" \/><\/figure>\n<h3>Mercedes Benz<\/h3>\n<p>Klasa A \/ Klasa B \/ Klasa C \/ GLA \/ GLC \/ GLE<\/p>\n<figure><img decoding=\"async\" loading=\"lazy\" src=\"http:\/\/eurologic.com.pl\/wp-content\/uploads\/2022\/02\/mini-logo.png\" alt=\"\" width=\"240\" height=\"180\" \/><\/figure>\n<h3>Mini<\/h3>\n<p>Cooper SE \/ Countryman SE<\/p>\n<figure><img decoding=\"async\" loading=\"lazy\" src=\"http:\/\/eurologic.com.pl\/wp-content\/uploads\/2022\/02\/mitsubishi-logo.png\" alt=\"\" width=\"240\" height=\"180\" \/><\/figure>\n<h3>Mitsubishi<\/h3>\n<p>OUTLANDER<\/p>\n<figure><img decoding=\"async\" loading=\"lazy\" src=\"http:\/\/eurologic.com.pl\/wp-content\/uploads\/2022\/02\/nissan-logo.png\" alt=\"\" width=\"240\" height=\"180\" \/><\/figure>\n<h3>Nissan<\/h3>\n<p>e-NV200 \/ LEAF II \/ LEAF II e<\/p>\n<figure><img decoding=\"async\" loading=\"lazy\" src=\"http:\/\/eurologic.com.pl\/wp-content\/uploads\/2022\/02\/opel-logo.png\" alt=\"\" width=\"240\" height=\"180\" \/><\/figure>\n<h3>Opel<\/h3>\n<p>Corsa-e \/ Mokka-e \/ Vivaro-e \/ Zafira-e Life<\/p>\n<figure><img decoding=\"async\" loading=\"lazy\" src=\"http:\/\/eurologic.com.pl\/wp-content\/uploads\/2022\/02\/peugeot-logo.png\" alt=\"\" width=\"240\" height=\"180\" \/><\/figure>\n<h3>Peugeot<\/h3>\n<p>3008 \/ 508<\/p>\n<figure><img decoding=\"async\" loading=\"lazy\" src=\"http:\/\/eurologic.com.pl\/wp-content\/uploads\/2022\/02\/porsche-logo.png\" alt=\"\" width=\"240\" height=\"180\" \/><\/figure>\n<h3>Porshe<\/h3>\n<p>Cayenne \/ Panamera<\/p>\n<figure><img decoding=\"async\" loading=\"lazy\" src=\"http:\/\/eurologic.com.pl\/wp-content\/uploads\/2022\/02\/renault-logo.png\" alt=\"\" width=\"240\" height=\"180\" \/><\/figure>\n<h3>Renault<\/h3>\n<p>Captur E-TECH \/ MEGANE E-TEHC \/<\/p>\n<figure><img decoding=\"async\" loading=\"lazy\" src=\"http:\/\/eurologic.com.pl\/wp-content\/uploads\/2022\/02\/seat-logo.png\" alt=\"\" width=\"240\" height=\"180\" \/><\/figure>\n<h3>Seat<\/h3>\n<p>Leon<\/p>\n<figure><img decoding=\"async\" loading=\"lazy\" src=\"http:\/\/eurologic.com.pl\/wp-content\/uploads\/2022\/02\/skoda-logo.png\" alt=\"\" width=\"240\" height=\"180\" \/><\/figure>\n<h3>\u0160koda<\/h3>\n<p>OCTAVIA \/ SUPERB iV<\/p>\n<figure><img decoding=\"async\" loading=\"lazy\" src=\"http:\/\/eurologic.com.pl\/wp-content\/uploads\/2022\/02\/volkswagen-logo.png\" alt=\"\" width=\"240\" height=\"180\" \/><\/figure>\n<h3>Volkswagen<\/h3>\n<p>Golf \/ Passat<\/p>\n<figure><img decoding=\"async\" loading=\"lazy\" src=\"http:\/\/eurologic.com.pl\/wp-content\/uploads\/2022\/02\/volvo-logo.png\" alt=\"\" width=\"240\" height=\"180\" \/><\/figure>\n<h3>Volvo<\/h3>\n<p>S60 \/ S90 \/ V60 \/ V90 \/ XC40 \/ XC60 \/ XC90 \/ V60 D6<\/p>\n<h3>Oferowany produkt jest kompatybilny z: samochodami ELEKTRYCZNYMI (BEV)<\/h3>\n<figure><img decoding=\"async\" loading=\"lazy\" src=\"http:\/\/eurologic.com.pl\/wp-content\/uploads\/2022\/02\/audi-logo.png\" alt=\"\" width=\"240\" height=\"180\" \/><\/figure>\n<h3>Audi<\/h3>\n<p>A6 \/ A7 \/ A8 \/ Q5 \/ Q7<\/p>\n<figure><img decoding=\"async\" loading=\"lazy\" src=\"http:\/\/eurologic.com.pl\/wp-content\/uploads\/2022\/02\/bmw-logo.png\" alt=\"\" width=\"240\" height=\"180\" \/><\/figure>\n<h3>BMW<\/h3>\n<p>2 \/ 3 \/ 5 \/ 7 \/ X1 \/ X2 \/ X3 \/ X5<\/p>\n<figure><img decoding=\"async\" loading=\"lazy\" src=\"http:\/\/eurologic.com.pl\/wp-content\/uploads\/2022\/02\/citroen-logo.png\" alt=\"\" width=\"240\" height=\"180\" \/><\/figure>\n<h3>Citroen<\/h3>\n<p>C5 AIRCROSS<\/p>\n<figure><img decoding=\"async\" loading=\"lazy\" src=\"http:\/\/eurologic.com.pl\/wp-content\/uploads\/2022\/02\/ds-logo.png\" alt=\"\" width=\"240\" height=\"180\" \/><\/figure>\n<h3>DS<\/h3>\n<p>DS 7<\/p>\n<figure><img decoding=\"async\" loading=\"lazy\" src=\"http:\/\/eurologic.com.pl\/wp-content\/uploads\/2022\/02\/ford-logo.png\" alt=\"\" width=\"240\" height=\"180\" \/><\/figure>\n<h3>Ford<\/h3>\n<p>Explorer \/ Kuga \/ Tourneo \/ Transit<\/p>\n<figure><img decoding=\"async\" loading=\"lazy\" src=\"http:\/\/eurologic.com.pl\/wp-content\/uploads\/2022\/02\/hyundai-logo.png\" alt=\"\" width=\"240\" height=\"180\" \/><\/figure>\n<h3>Hyundai<\/h3>\n<p>Ioniq Plug in \/ KONA Plug in \/<\/p>\n<figure><img decoding=\"async\" loading=\"lazy\" src=\"http:\/\/eurologic.com.pl\/wp-content\/uploads\/2022\/02\/jaguar-logo.png\" alt=\"\" width=\"240\" height=\"180\" \/><\/figure>\n<h3>Jaguar<\/h3>\n<p>I-Pace<\/p>\n<figure><img decoding=\"async\" loading=\"lazy\" src=\"http:\/\/eurologic.com.pl\/wp-content\/uploads\/2022\/02\/kia-logo.png\" alt=\"\" width=\"240\" height=\"180\" \/><\/figure>\n<h3>KIA<\/h3>\n<p>Ceed PHEV \/ Niro PHEV \/ XCEED PHEV \/ Sorento PHEV<\/p>\n<figure><img decoding=\"async\" loading=\"lazy\" src=\"http:\/\/eurologic.com.pl\/wp-content\/uploads\/2022\/02\/land-rover-logo.png\" alt=\"\" width=\"240\" height=\"180\" \/><\/figure>\n<h3>Land Rover<\/h3>\n<p>Discovery \/ Range Rover \/ Range Rover Evogue \/ Range Rover Sport \/ Range Rover Velar<\/p>\n<figure><img decoding=\"async\" loading=\"lazy\" src=\"http:\/\/eurologic.com.pl\/wp-content\/uploads\/2022\/02\/mercedes-benz-logo.png\" alt=\"\" width=\"240\" height=\"180\" \/><\/figure>\n<h3>Mercedes Benz<\/h3>\n<p>Klasa A \/ Klasa B \/ Klasa C \/ GLA \/ GLC \/ GLE<\/p>\n<figure><img decoding=\"async\" loading=\"lazy\" src=\"http:\/\/eurologic.com.pl\/wp-content\/uploads\/2022\/02\/mini-logo.png\" alt=\"\" width=\"240\" height=\"180\" \/><\/figure>\n<h3>Mini<\/h3>\n<p>Cooper SE \/ Countryman SE<\/p>\n<figure><img decoding=\"async\" loading=\"lazy\" src=\"http:\/\/eurologic.com.pl\/wp-content\/uploads\/2022\/02\/mitsubishi-logo.png\" alt=\"\" width=\"240\" height=\"180\" \/><\/figure>\n<h3>Mitsubishi<\/h3>\n<p>OUTLANDER<\/p>\n<figure><img decoding=\"async\" loading=\"lazy\" src=\"http:\/\/eurologic.com.pl\/wp-content\/uploads\/2022\/02\/nissan-logo.png\" alt=\"\" width=\"240\" height=\"180\" \/><\/figure>\n<h3>Nissan<\/h3>\n<p>e-NV200 \/ LEAF II \/ LEAF II e<\/p>\n<figure><img decoding=\"async\" loading=\"lazy\" src=\"http:\/\/eurologic.com.pl\/wp-content\/uploads\/2022\/02\/opel-logo.png\" alt=\"\" width=\"240\" height=\"180\" \/><\/figure>\n<h3>Opel<\/h3>\n<p>Corsa-e \/ Mokka-e \/ Vivaro-e \/ Zafira-e Life<\/p>\n<figure><img decoding=\"async\" loading=\"lazy\" src=\"http:\/\/eurologic.com.pl\/wp-content\/uploads\/2022\/02\/peugeot-logo.png\" alt=\"\" width=\"240\" height=\"180\" \/><\/figure>\n<h3>Peugeot<\/h3>\n<p>3008 \/ 508<\/p>\n<figure><img decoding=\"async\" loading=\"lazy\" src=\"http:\/\/eurologic.com.pl\/wp-content\/uploads\/2022\/02\/porsche-logo.png\" alt=\"\" width=\"240\" height=\"180\" \/><\/figure>\n<h3>Porshe<\/h3>\n<p>Cayenne \/ Panamera<\/p>\n<figure><img decoding=\"async\" loading=\"lazy\" src=\"http:\/\/eurologic.com.pl\/wp-content\/uploads\/2022\/02\/renault-logo.png\" alt=\"\" width=\"240\" height=\"180\" \/><\/figure>\n<h3>Renault<\/h3>\n<p>Captur E-TECH \/ MEGANE E-TEHC \/<\/p>\n<figure><img decoding=\"async\" loading=\"lazy\" src=\"http:\/\/eurologic.com.pl\/wp-content\/uploads\/2022\/02\/seat-logo.png\" alt=\"\" width=\"240\" height=\"180\" \/><\/figure>\n<h3>Seat<\/h3>\n<p>Leon<\/p>\n<figure><img decoding=\"async\" loading=\"lazy\" src=\"http:\/\/eurologic.com.pl\/wp-content\/uploads\/2022\/02\/skoda-logo.png\" alt=\"\" width=\"240\" height=\"180\" \/><\/figure>\n<h3>\u0160koda<\/h3>\n<p>OCTAVIA \/ SUPERB iV<\/p>\n<figure><img decoding=\"async\" loading=\"lazy\" src=\"http:\/\/eurologic.com.pl\/wp-content\/uploads\/2022\/02\/volkswagen-logo.png\" alt=\"\" width=\"240\" height=\"180\" \/><\/figure>\n<h3>Volkswagen<\/h3>\n<p>Golf \/ Passat<\/p>\n<figure><img decoding=\"async\" loading=\"lazy\" src=\"http:\/\/eurologic.com.pl\/wp-content\/uploads\/2022\/02\/volvo-logo.png\" alt=\"\" width=\"240\" height=\"180\" \/><\/figure>\n<h3>Volvo<\/h3>\n<p>S60 \/ S90 \/ V60 \/ V90 \/ XC40 \/ XC60 \/ XC90 \/ V60 D6<\/p>\n<p><img decoding=\"async\" loading=\"lazy\" src=\"http:\/\/eurologic.com.pl\/wp-content\/uploads\/2022\/02\/Stacja-ladowania-ladowarka-Alfen-2x-22kW-3Fazy-Marka-Alfen-300x94.jpg\" sizes=\"(max-width: 300px) 100vw, 300px\" srcset=\"http:\/\/eurologic.com.pl\/wp-content\/uploads\/2022\/02\/Stacja-ladowania-ladowarka-Alfen-2x-22kW-3Fazy-Marka-Alfen-300x94.jpg 300w, http:\/\/eurologic.com.pl\/wp-content\/uploads\/2022\/02\/Stacja-ladowania-ladowarka-Alfen-2x-22kW-3Fazy-Marka-Alfen.jpg 535w\" alt=\"\" width=\"300\" height=\"94\" \/><\/p>\n<p><b>ALFEN<\/b>\u00a0to holenderska firma notowana na gie\u0142dzie w Amsterdamie, kt\u00f3ra produkuje stacje \u0142adowania od 2011 roku.<\/p>\n<p>Marka zyska\u0142a mi\u0119dzynarodowe uznanie dzi\u0119ki swoim stacjom \u0142adowania, kt\u00f3re s\u0105 synonimem solidno\u015bci, niezawodno\u015bci i \u0142atwo\u015bci u\u017cytkowania.Wszystkie \u0142adowarki firmy Alfen sa produkowane w Holandii.<\/p>\n","protected":false},"excerpt":{"rendered":"<p>Najnowocze\u015bniejsze rozwi\u0105zania Zaprojektowany z my\u015bl\u0105 o maksymalnej pr\u0119dko\u015bci \u0142adowania Solidny, bezpieczny i niezawodny \u0141\u0105twe zarz\u0105dzania systemami zarz\u0105dzania Eve double Pro-line firmy Alfen\u00a0jest specjalnie zaprojektowana do u\u017cytku domowego jak i dla<\/p>\n","protected":false},"featured_media":7457,"comment_status":"open","ping_status":"closed","template":"","meta":[],"product_cat":[85],"product_tag":[],"acf":[],"_links":{"self":[{"href":"https:\/\/eurologic.com.pl\/index.php?rest_route=\/wp\/v2\/product\/10465"}],"collection":[{"href":"https:\/\/eurologic.com.pl\/index.php?rest_route=\/wp\/v2\/product"}],"about":[{"href":"https:\/\/eurologic.com.pl\/index.php?rest_route=\/wp\/v2\/types\/product"}],"replies":[{"embeddable":true,"href":"https:\/\/eurologic.com.pl\/index.php?rest_route=%2Fwp%2Fv2%2Fcomments&post=10465"}],"wp:featuredmedia":[{"embeddable":true,"href":"https:\/\/eurologic.com.pl\/index.php?rest_route=\/wp\/v2\/media\/7457"}],"wp:attachment":[{"href":"https:\/\/eurologic.com.pl\/index.php?rest_route=%2Fwp%2Fv2%2Fmedia&parent=10465"}],"wp:term":[{"taxonomy":"product_cat","embeddable":true,"href":"https:\/\/eurologic.com.pl\/index.php?rest_route=%2Fwp%2Fv2%2Fproduct_cat&post=10465"},{"taxonomy":"product_tag","embeddable":true,"href":"https:\/\/eurologic.com.pl\/index.php?rest_route=%2Fwp%2Fv2%2Fproduct_tag&post=10465"}],"curies":[{"name":"wp","href":"https:\/\/api.w.org\/{rel}","templated":true}]}}