{"id":7725,"date":"2023-09-25T14:18:34","date_gmt":"2023-09-25T14:18:34","guid":{"rendered":"https:\/\/eurologic.sklep.pl\/?page_id=7725"},"modified":"2023-12-04T11:51:57","modified_gmt":"2023-12-04T11:51:57","slug":"regulamin","status":"publish","type":"page","link":"https:\/\/eurologic.com.pl\/?page_id=7725","title":{"rendered":"Regulamin"},"content":{"rendered":"\t\t<div data-elementor-type=\"wp-page\" data-elementor-id=\"7725\" class=\"elementor elementor-7725\" data-elementor-post-type=\"page\">\n\t\t\t\t\t\t\t<div class=\"elementor-element elementor-element-5310bfc e-flex e-con-boxed e-con e-parent\" data-id=\"5310bfc\" data-element_type=\"container\" data-settings=\"{&quot;content_width&quot;:&quot;boxed&quot;}\" data-core-v316-plus=\"true\">\n\t\t\t\t\t<div class=\"e-con-inner\">\n\t\t\t\t<div class=\"elementor-element elementor-element-65211df elementor-widget elementor-widget-heading\" data-id=\"65211df\" data-element_type=\"widget\" data-widget_type=\"heading.default\">\n\t\t\t\t<div class=\"elementor-widget-container\">\n\t\t\t<style>\/*! elementor - v3.16.0 - 09-10-2023 *\/\n.elementor-heading-title{padding:0;margin:0;line-height:1}.elementor-widget-heading .elementor-heading-title[class*=elementor-size-]>a{color:inherit;font-size:inherit;line-height:inherit}.elementor-widget-heading .elementor-heading-title.elementor-size-small{font-size:15px}.elementor-widget-heading .elementor-heading-title.elementor-size-medium{font-size:19px}.elementor-widget-heading .elementor-heading-title.elementor-size-large{font-size:29px}.elementor-widget-heading .elementor-heading-title.elementor-size-xl{font-size:39px}.elementor-widget-heading .elementor-heading-title.elementor-size-xxl{font-size:59px}<\/style><h1 class=\"elementor-heading-title elementor-size-xl\">Regulamin<\/h1>\t\t<\/div>\n\t\t\t\t<\/div>\n\t\t\t\t<div class=\"elementor-element elementor-element-3f72888 elementor-widget elementor-widget-text-editor\" data-id=\"3f72888\" data-element_type=\"widget\" data-widget_type=\"text-editor.default\">\n\t\t\t\t<div class=\"elementor-widget-container\">\n\t\t\t<style>\/*! elementor - v3.16.0 - 09-10-2023 *\/\n.elementor-widget-text-editor.elementor-drop-cap-view-stacked .elementor-drop-cap{background-color:#69727d;color:#fff}.elementor-widget-text-editor.elementor-drop-cap-view-framed .elementor-drop-cap{color:#69727d;border:3px solid;background-color:transparent}.elementor-widget-text-editor:not(.elementor-drop-cap-view-default) .elementor-drop-cap{margin-top:8px}.elementor-widget-text-editor:not(.elementor-drop-cap-view-default) .elementor-drop-cap-letter{width:1em;height:1em}.elementor-widget-text-editor .elementor-drop-cap{float:left;text-align:center;line-height:1;font-size:50px}.elementor-widget-text-editor .elementor-drop-cap-letter{display:inline-block}<\/style>\t\t\t\t<h2><strong>OG\u00d3LNE WARUNKI SPRZEDA\u017bY \u2013 OWS<\/strong><\/h2><ol><li><strong>Postanowienia og\u00f3lne<\/strong><ol><li>Og\u00f3lne warunki sprzeda\u017cy (OWS) okre\u015blaj\u0105 zasady zawierania um\u00f3w sprzeda\u017cy towar\u00f3w oferowanych przez firm\u0119 Eurologic Sp. z o .o., zwan\u0105 dalej \u201eSprzedawc\u0105\u201d.<\/li><li>Zawarcie umowy sprzeda\u017cy nast\u0119puje na podstawie zam\u00f3wienia pisemnego, elektronicznego lub ustnego, z\u0142o\u017conego u Sprzedawcy przez dowolny podmiot zwany dalej \u201eKupuj\u0105cym\u201d.<\/li><li>OWS podane s\u0105 do wiadomo\u015bci Kupuj\u0105cego. Obowi\u0105zek zapoznania si\u0119 z OWS le\u017cy po stronie Kupuj\u0105cego. Je\u017celi Kupuj\u0105cy pozostaje w sta\u0142ych stosunkach handlowych przyj\u0119cie przeze\u0144 OWS przy pierwszym zam\u00f3wieniu uwa\u017ca si\u0119 za ich akceptacj\u0119 dla kolejnych zam\u00f3wie\u0144 i um\u00f3w sprzeda\u017cy, a\u017c do czasu zmiany ich tre\u015bci lub odwo\u0142ania ich stosowania.<\/li><li>Poni\u017csze warunki uwa\u017ca si\u0119 za przyj\u0119te z dniem przyj\u0119cia oferty lub otrzymania potwierdzenia przyj\u0119cia zam\u00f3wienia lub z dniem zawarcia umowy.<\/li><\/ol><\/li><li><strong>Ceny, ilo\u015b\u0107 i jako\u015b\u0107<\/strong><ol><li>Podawane ceny s\u0105 cenami netto EXW (Eurologic Sp z o.o. Wroc\u0142aw) wg Incoterms 2010. Do cen nale\u017cy doliczy\u0107 podatek VAT wed\u0142ug stawki obowi\u0105zuj\u0105cej w dniu<\/li><li>wystawienia faktury. Ceny okre\u015blone w ofertach s\u0105 wi\u0105\u017c\u0105ce w okresie 7 dni od daty wys\u0142ania oferty, chyba \u017ce oferta okre\u015bla inny okres.<\/li><li>Wykonanie zam\u00f3wienia zgodnie z zawartymi w nim danymi czyni zado\u015b\u0107 nale\u017cytemu wykonaniu um\u00f3w.<\/li><li>Z przyczyn technologicznych Sprzedawca, po wcze\u015bniejszym poinformowaniu zamawiaj\u0105cego, zastrzega sobie prawo dostaw o zmienionej ilo\u015bci.<\/li><\/ol><\/li><li><strong>P\u0142atno\u015b\u0107<\/strong><ol><li>Kupuj\u0105cy mo\u017ce wybra\u0107 nast\u0119puj\u0105ce formy p\u0142atno\u015bci za zam\u00f3wione Towary: P\u0142atno\u015bci BLIK, karta p\u0142atnicza (Visa, Visa Electron, Maestro, MasterCard, MasterCard Electronic), przelew elektroniczny poprzez zewn\u0119trzny system p\u0142atno\u015bci BlueMedia S.A.<\/li><li>Je\u017celi Kupuj\u0105cy nie dokona odbioru towaru w ustalonym terminie, Sprzedawca ma prawo obci\u0105\u017cy\u0107 Kupuj\u0105cego kosztami zwi\u0105zanymi ze sk\u0142adowaniem towaru.<\/li><li>Je\u017celi Kupuj\u0105cy nie odbierze towaru w terminie 30 dni od ustalonego terminu z przyczyn niezawinionych przez Sprzedawc\u0119, Sprzedawcy przys\u0142uguje prawo odst\u0105pienia od umowy.<\/li><\/ol><\/li><li><strong>Zmiany w zam\u00f3wieniu<\/strong><ol><li>Zmiany w zam\u00f3wieniu mo\u017cna wprowadza\u0107 wy\u0142\u0105cznie za zgod\u0105 Sprzedawcy.<\/li><li>W przypadku odst\u0105pienia Kupuj\u0105cego od realizacji zam\u00f3wienia z przyczyn le\u017c\u0105cych po jego stronie, Kupuj\u0105cy jest zobowi\u0105zany do zap\u0142acenia na rzecz Sprzedawcy kary umownej w wysoko\u015bci 25% warto\u015bci netto z\u0142o\u017conego zam\u00f3wienia. Sprzedawca zastrzega sobie prawo dochodzenia od Kupuj\u0105cego zap\u0142aty odszkodowania przewy\u017cszaj\u0105cego wysoko\u015b\u0107 zastrze\u017conej kary umownej. Koszty te okre\u015bla Sprzedawca.<\/li><li>Zmiany w zam\u00f3wieniu lub rezygnacja z zam\u00f3wienia musi mie\u0107 form\u0119 pisemna pod rygorem niewa\u017cno\u015bci.<\/li><\/ol><\/li><li><strong>Realizacja zam\u00f3wienia i czas dostawy<\/strong><ol><li>Sprzedawca nie ponosi odpowiedzialno\u015bci za zmian\u0119 terminu dostawy, powsta\u0142\u0105 z przyczyn niezale\u017cnych od Sprzedawcy.<\/li><li>W przypadku niemo\u017cno\u015bci zrealizowania zam\u00f3wienia, Sprzedawca niezw\u0142ocznie powiadomi o tym fakcie Kupuj\u0105cego.<\/li><li>Bieg czasu dostawy rozpoczyna si\u0119 wraz z potwierdzeniem zlecenia lub po dokonaniu uzgodnie\u0144 odno\u015bnie wszelkich dokument\u00f3w i ewentualnych zapyta\u0144 lub po otrzymaniu przedp\u0142aty, je\u017celi taka zosta\u0142a ustalona przez strony.<\/li><li>Czas dostawy przed\u0142u\u017ca si\u0119 o okres przez kt\u00f3ry zamawiaj\u0105cy znajduje si\u0119 w zw\u0142oce ze swoimi zobowi\u0105zaniami wobec Sprzedawcy.<\/li><\/ol><\/li><li><strong>Odbi\u00f3r i dostawy towar\u00f3w<\/strong><ol><li>Zam\u00f3wione towary wysy\u0142ane s\u0105 na koszt Kupuj\u0105cego. Je\u015bli nie uzgodniono inaczej wysy\u0142ka realizowana jest przez przewo\u017anika zwyczajowo stosowanego przez Sprzedawc\u0119.<\/li><li>Kupuj\u0105cy zobowi\u0105zany jest skontrolowa\u0107 dostarczony towar pod wzgl\u0119dem jako\u015bci i ilo\u015bci oraz zgodno\u015bci dostarczonego asortymentu natychmiast po jego wydaniu i dokona\u0107 w obecno\u015bci przewo\u017anika w\u0142a\u015bciwych adnotacji na dokumencie przewozowym lub innym dowodzie wydania towaru.<\/li><li>Dokonanie przez Kupuj\u0105cego odbioru towar\u00f3w bez zg\u0142oszenia zastrze\u017ce\u0144 tak jak w pkt 6.2 b\u0119dzie oznacza\u0142o prawid\u0142owe dostarczenie towar\u00f3w zgodnie z zam\u00f3wieniem i potwierdzeniem.<\/li><\/ol><\/li><li><strong>Gwarancja, reklamacje i zwroty<\/strong><ol><li>Sprzedawca udziela 12 miesi\u0119cznej gwarancji na swoje towary, liczonej od daty sprzeda\u017cy, o ile nie obowi\u0105zuj\u0105 inne ustalenia udokumentowane na FV lub WZ.<\/li><li>Kwota roszcze\u0144 z tytu\u0142u gwarancji nie mo\u017ce przekroczy\u0107 1-krotnej warto\u015bci towaru netto.<\/li><li>Koszty dostarczenia reklamowanych przez Kupuj\u0105cego towar\u00f3w do Sprzedawcy ponosi Kupuj\u0105cy.<\/li><li>Kupuj\u0105cy ma obowi\u0105zek zagwarantowania dostawcy niezb\u0119dnego czasu i okazji do usuni\u0119cia wad wed\u0142ug jego s\u0142usznego uznania. Je\u015bli odm\u00f3wi on tego, to dostawca zwolniony jest z odpowiedzialno\u015bci za wady.<\/li><li>Odpowiedzialno\u015b\u0107 za wady nie dotyczy naturalnego zu\u017cycia, ponadto szk\u00f3d powsta\u0142ych po przeniesieniu ryzyka na skutek b\u0142\u0119dnej lub niestarannej obs\u0142ugi, nadmiernej eksploatacji, niew\u0142a\u015bciwych \u015brodk\u00f3w eksploatacyjnych, oraz takich wp\u0142yw\u00f3w chemicznych, elektrochemicznych lub elektrycznych, kt\u00f3re nie s\u0105 przewidziane zgodnie z umow\u0105.<\/li><li>Zg\u0142oszenia reklamacyjne s\u0105 rozpatrywane w okresie 14 dni tzn. Towary uznane za wadliwe b\u0119d\u0105 naprawione b\u0105d\u017a wymienione na wolne od wad w ci\u0105gu 4 tygodni od terminu uznania reklamacji przez Sprzedaj\u0105cego.<\/li><li>W przypadku towar\u00f3w wykonywanych wg indywidualnych wymog\u00f3w Odbiorcy termin wymiany towaru na nowy mo\u017ce ulec wyd\u0142u\u017ceniu do 6 tygodni.<\/li><li>Kupuj\u0105cy ma prawo do pisemnego odst\u0105pienia od zawieranej umowy bez podania przyczyny w terminie czternastu dni, od daty zawarcia umowy na podstawie ustawy z dnia 30 maja 2014 r. (Dz.U. 2014 r. poz. 827 ze zm.) W przypadku pisemnego odst\u0105pienia od umowy Klient zobowi\u0105zany jest do zwrotu towaru w terminie czternastu dni.<\/li><li>W przypadku skorzystania z prawa do 14-dniowego odst\u0105pienia koszt zwrotu towaru ponosi Kupuj\u0105cy.<\/li><li>W przypadku zwrotu na rachunek przypisany do karty p\u0142atniczej zamawiaj\u0105cego \u2013 sprzedaj\u0105cy dokona zwrotu przy u\u017cyciu tego samego kana\u0142u p\u0142atno\u015bci.<\/li><li>W przypadku odst\u0105pienia od umowy lub rozpatrzenia reklamacji, sprzedaj\u0105cy ma 14 dni na zwrot \u015brodk\u00f3w kupuj\u0105cemu<\/li><\/ol><\/li><li><strong>Zakres odpowiedzialno\u015bci<\/strong><ol><li>Odpowiedzialno\u015b\u0107 Sprzedawcy zwi\u0105zana z zawarciem umowy lub dokonaniem sprzeda\u017cy towar\u00f3w nie obejmuje naprawiania szk\u00f3d dotycz\u0105cych spodziewanych korzy\u015bci, utraconego zysku, strat produkcyjnych, utraty renomy rynkowej itp.<\/li><\/ol><\/li><li><strong>Postanowienia ko\u0144cowe<\/strong><ol><li>W sprawach nieuregulowanych niniejszymi warunkami maj\u0105 zastosowanie przepisy Kodeksu Cywilnego.<\/li><li>Do umowy maj\u0105 zastosowanie wy\u0142\u0105cznie przepisy prawa polskiego.<\/li><li>Wszelkie spory mog\u0105ce wynika\u0107 mi\u0119dzy stronami b\u0119d\u0105 rozpatrywane przez w\u0142a\u015bciwy rzeczowo dla siedziby Sprzedawcy.<\/li><\/ol><\/li><\/ol><p><strong>Dane firmy<\/strong><br \/>Eurologic Sp. z o.o.<br \/>Ul. Osiniecka 106<\/p><p>PL 54-530 Wroc\u0142aw<\/p><p>Tel. +48\/884107989<\/p><p>NIP: PL 8961563866<\/p><p>REGON : 367125355<\/p><p>BDO:000527464<\/p><p>Ust-ID: DE 2322\/246\/30667<\/p><p>EORI: PL896156386600000<\/p><p>E-Mail: <a href=\"mailto:biuro@eurologic.com.pl\">biuro@eurologic.com.pl<\/a><\/p><p>\u00a0\u00a0\u00a0\u00a0\u00a0\u00a0\u00a0\u00a0\u00a0\u00a0\u00a0\u00a0\u00a0 <u><a href=\"http:\/\/www.eurologic.com.pl\">www.eurologic.com.pl<\/a><\/u><\/p>\t\t\t\t\t\t<\/div>\n\t\t\t\t<\/div>\n\t\t\t\t\t<\/div>\n\t\t\t\t<\/div>\n\t\t\t\t\t\t\t<\/div>\n\t\t","protected":false},"excerpt":{"rendered":"<p>Regulamin OG\u00d3LNE WARUNKI SPRZEDA\u017bY \u2013 OWS Postanowienia og\u00f3lne Og\u00f3lne warunki sprzeda\u017cy (OWS) okre\u015blaj\u0105 zasady zawierania um\u00f3w sprzeda\u017cy towar\u00f3w oferowanych przez firm\u0119 Eurologic Sp. z o .o., zwan\u0105 dalej \u201eSprzedawc\u0105\u201d. Zawarcie<\/p>\n","protected":false},"author":1,"featured_media":0,"parent":0,"menu_order":0,"comment_status":"closed","ping_status":"closed","template":"elementor_header_footer","meta":{"footnotes":""},"acf":[],"_links":{"self":[{"href":"https:\/\/eurologic.com.pl\/index.php?rest_route=\/wp\/v2\/pages\/7725"}],"collection":[{"href":"https:\/\/eurologic.com.pl\/index.php?rest_route=\/wp\/v2\/pages"}],"about":[{"href":"https:\/\/eurologic.com.pl\/index.php?rest_route=\/wp\/v2\/types\/page"}],"author":[{"embeddable":true,"href":"https:\/\/eurologic.com.pl\/index.php?rest_route=\/wp\/v2\/users\/1"}],"replies":[{"embeddable":true,"href":"https:\/\/eurologic.com.pl\/index.php?rest_route=%2Fwp%2Fv2%2Fcomments&post=7725"}],"version-history":[{"count":8,"href":"https:\/\/eurologic.com.pl\/index.php?rest_route=\/wp\/v2\/pages\/7725\/revisions"}],"predecessor-version":[{"id":7968,"href":"https:\/\/eurologic.com.pl\/index.php?rest_route=\/wp\/v2\/pages\/7725\/revisions\/7968"}],"wp:attachment":[{"href":"https:\/\/eurologic.com.pl\/index.php?rest_route=%2Fwp%2Fv2%2Fmedia&parent=7725"}],"curies":[{"name":"wp","href":"https:\/\/api.w.org\/{rel}","templated":true}]}}