{"id":7710,"date":"2023-09-25T13:49:10","date_gmt":"2023-09-25T13:49:10","guid":{"rendered":"https:\/\/eurologic.sklep.pl\/?page_id=7710"},"modified":"2023-09-25T14:04:15","modified_gmt":"2023-09-25T14:04:15","slug":"elementor-7710","status":"publish","type":"page","link":"https:\/\/eurologic.com.pl\/?page_id=7710","title":{"rendered":"O nas"},"content":{"rendered":"\t\t<div data-elementor-type=\"wp-page\" data-elementor-id=\"7710\" class=\"elementor elementor-7710\" data-elementor-post-type=\"page\">\n\t\t\t\t\t\t\t<div class=\"elementor-element elementor-element-8bbd25c e-flex e-con-boxed e-con e-parent\" data-id=\"8bbd25c\" data-element_type=\"container\" data-settings=\"{&quot;content_width&quot;:&quot;boxed&quot;}\" data-core-v316-plus=\"true\">\n\t\t\t\t\t<div class=\"e-con-inner\">\n\t\t\t\t<div class=\"elementor-element elementor-element-8a0f8b1 elementor-widget elementor-widget-heading\" data-id=\"8a0f8b1\" data-element_type=\"widget\" data-widget_type=\"heading.default\">\n\t\t\t\t<div class=\"elementor-widget-container\">\n\t\t\t<style>\/*! elementor - v3.16.0 - 09-10-2023 *\/\n.elementor-heading-title{padding:0;margin:0;line-height:1}.elementor-widget-heading .elementor-heading-title[class*=elementor-size-]>a{color:inherit;font-size:inherit;line-height:inherit}.elementor-widget-heading .elementor-heading-title.elementor-size-small{font-size:15px}.elementor-widget-heading .elementor-heading-title.elementor-size-medium{font-size:19px}.elementor-widget-heading .elementor-heading-title.elementor-size-large{font-size:29px}.elementor-widget-heading .elementor-heading-title.elementor-size-xl{font-size:39px}.elementor-widget-heading .elementor-heading-title.elementor-size-xxl{font-size:59px}<\/style><h1 class=\"elementor-heading-title elementor-size-xl\">Informacje o firmie<\/h1>\t\t<\/div>\n\t\t\t\t<\/div>\n\t\t\t\t\t<\/div>\n\t\t\t\t<\/div>\n\t\t<div class=\"elementor-element elementor-element-a63ab4f e-flex e-con-boxed e-con e-parent\" data-id=\"a63ab4f\" data-element_type=\"container\" data-settings=\"{&quot;content_width&quot;:&quot;boxed&quot;}\" data-core-v316-plus=\"true\">\n\t\t\t\t\t<div class=\"e-con-inner\">\n\t\t\t\t<div class=\"elementor-element elementor-element-0cbd22c elementor-widget elementor-widget-text-editor\" data-id=\"0cbd22c\" data-element_type=\"widget\" data-widget_type=\"text-editor.default\">\n\t\t\t\t<div class=\"elementor-widget-container\">\n\t\t\t<style>\/*! elementor - v3.16.0 - 09-10-2023 *\/\n.elementor-widget-text-editor.elementor-drop-cap-view-stacked .elementor-drop-cap{background-color:#69727d;color:#fff}.elementor-widget-text-editor.elementor-drop-cap-view-framed .elementor-drop-cap{color:#69727d;border:3px solid;background-color:transparent}.elementor-widget-text-editor:not(.elementor-drop-cap-view-default) .elementor-drop-cap{margin-top:8px}.elementor-widget-text-editor:not(.elementor-drop-cap-view-default) .elementor-drop-cap-letter{width:1em;height:1em}.elementor-widget-text-editor .elementor-drop-cap{float:left;text-align:center;line-height:1;font-size:50px}.elementor-widget-text-editor .elementor-drop-cap-letter{display:inline-block}<\/style>\t\t\t\t<p>Razem tworzymy nowy \u015bwiat<\/p><p>My\u015bl\u0105c o przysz\u0142o\u015bci ekologicznie i biznesowo, konsekwentnie d\u0105\u017cymy do osi\u0105gni\u0119cia najwy\u017cszych standard\u00f3w jako\u015bci. Poprowadzi\u0142y nas s\u0142owa klucze, kt\u00f3re od wielu lat tworz\u0105 nasz\u0105 matryce biznesu. Je\u015bli tobie r\u00f3wnie\u017c bliskie s\u0105 has\u0142a innowacja, ekologia, energia, zaufanie, uczciwo\u015b\u0107, lojalno\u015b\u0107 i profesjonalizm to znalaz\u0142e\u015b si\u0119 we w\u0142a\u015bciwym miejscu.<\/p><p>Wychodz\u0105c naprzeciw oczekiwaniom przysz\u0142ych klient\u00f3w oraz perspektywie rozwoju Odnawialnych \u0179r\u00f3de\u0142 Energii (OZE) oferujemy najlepszej jako\u015bci produkty \u015bwiatowych marek.<\/p>\t\t\t\t\t\t<\/div>\n\t\t\t\t<\/div>\n\t\t<div class=\"elementor-element elementor-element-2e91363 e-flex e-con-boxed e-con e-child\" data-id=\"2e91363\" data-element_type=\"container\" data-settings=\"{&quot;content_width&quot;:&quot;boxed&quot;}\">\n\t\t\t\t\t<div class=\"e-con-inner\">\n\t\t\t\t<div class=\"elementor-element elementor-element-d44c20b elementor-widget elementor-widget-heading\" data-id=\"d44c20b\" data-element_type=\"widget\" data-widget_type=\"heading.default\">\n\t\t\t\t<div class=\"elementor-widget-container\">\n\t\t\t<h2 class=\"elementor-heading-title elementor-size-xl\">Opis powstania<\/h2>\t\t<\/div>\n\t\t\t\t<\/div>\n\t\t\t\t<div class=\"elementor-element elementor-element-f462f90 elementor-widget elementor-widget-text-editor\" data-id=\"f462f90\" data-element_type=\"widget\" data-widget_type=\"text-editor.default\">\n\t\t\t\t<div class=\"elementor-widget-container\">\n\t\t\t\t\t\t\t<p>Firma od 7 lat jest dostawc\u0105 najwy\u017cszej jako\u015bci, najlepszej technologii oraz najbardziej innowacyjnych rozwi\u0105za\u0144 w bran\u017cy. Nie tylko dostarczamy ale i doradzamy w kwestii inteligentnych rozwi\u0105za\u0144 s\u0142u\u017c\u0105cych efektywnemu wykorzystaniu energii s\u0142onecznej<\/p><p><strong>Nasza wizja<\/strong>: <em>Umo\u017cliwienie pe\u0142nej niezale\u017cno\u015bci energetycznej.<\/em><\/p><p><strong>Nasza misja<\/strong>: <em>Holistyczny ekosystem energetyczny dla Twojego domu i twojej mobilno\u015bci.<\/em><\/p><p><strong>Nasz cel<\/strong>: <em>Dbanie o \u015brodowisko oraz zdrowie Twoje i Twoich bliskich<\/em><\/p>\t\t\t\t\t\t<\/div>\n\t\t\t\t<\/div>\n\t\t\t\t<div class=\"elementor-element elementor-element-2c4e381 elementor-widget elementor-widget-heading\" data-id=\"2c4e381\" data-element_type=\"widget\" data-widget_type=\"heading.default\">\n\t\t\t\t<div class=\"elementor-widget-container\">\n\t\t\t<h2 class=\"elementor-heading-title elementor-size-xl\">Czym si\u0119 zajmujemy<\/h2>\t\t<\/div>\n\t\t\t\t<\/div>\n\t\t\t\t<div class=\"elementor-element elementor-element-7d42fef elementor-widget elementor-widget-text-editor\" data-id=\"7d42fef\" data-element_type=\"widget\" data-widget_type=\"text-editor.default\">\n\t\t\t\t<div class=\"elementor-widget-container\">\n\t\t\t\t\t\t\t<p>Zajmujemy si\u0119 dystrybucj\u0105 technologii zwi\u0105zanych z ograniczeniem CO2 w Europie realizuj\u0105c zam\u00f3wienia klient\u00f3w indywidualnych i biznesowych.<\/p><p>Zapewniamy szybk\u0105 dostaw\u0119 bardzo elastyczne podej\u015bcie do klienta skierowane na jego korzy\u015b\u0107<\/p><p><strong>TWOJE KORZYSCI<\/strong><\/p><ol><li>Rzetelny dostawca<\/li><li>Europejscy producenci<\/li><li>Najlepsze marki<\/li><li>Bliska wsp\u00f3\u0142praca z klientami i dostawcami<\/li><li>Fachowe doradztwo<\/li><\/ol>\t\t\t\t\t\t<\/div>\n\t\t\t\t<\/div>\n\t\t\t\t\t<\/div>\n\t\t\t\t<\/div>\n\t\t\t\t\t<\/div>\n\t\t\t\t<\/div>\n\t\t\t\t\t\t\t<\/div>\n\t\t","protected":false},"excerpt":{"rendered":"<p>Informacje o firmie Razem tworzymy nowy \u015bwiat My\u015bl\u0105c o przysz\u0142o\u015bci ekologicznie i biznesowo, konsekwentnie d\u0105\u017cymy do osi\u0105gni\u0119cia najwy\u017cszych standard\u00f3w jako\u015bci. Poprowadzi\u0142y nas s\u0142owa klucze, kt\u00f3re od wielu lat tworz\u0105 nasz\u0105<\/p>\n","protected":false},"author":1,"featured_media":0,"parent":0,"menu_order":0,"comment_status":"closed","ping_status":"closed","template":"elementor_header_footer","meta":{"footnotes":""},"acf":[],"_links":{"self":[{"href":"https:\/\/eurologic.com.pl\/index.php?rest_route=\/wp\/v2\/pages\/7710"}],"collection":[{"href":"https:\/\/eurologic.com.pl\/index.php?rest_route=\/wp\/v2\/pages"}],"about":[{"href":"https:\/\/eurologic.com.pl\/index.php?rest_route=\/wp\/v2\/types\/page"}],"author":[{"embeddable":true,"href":"https:\/\/eurologic.com.pl\/index.php?rest_route=\/wp\/v2\/users\/1"}],"replies":[{"embeddable":true,"href":"https:\/\/eurologic.com.pl\/index.php?rest_route=%2Fwp%2Fv2%2Fcomments&post=7710"}],"version-history":[{"count":6,"href":"https:\/\/eurologic.com.pl\/index.php?rest_route=\/wp\/v2\/pages\/7710\/revisions"}],"predecessor-version":[{"id":7719,"href":"https:\/\/eurologic.com.pl\/index.php?rest_route=\/wp\/v2\/pages\/7710\/revisions\/7719"}],"wp:attachment":[{"href":"https:\/\/eurologic.com.pl\/index.php?rest_route=%2Fwp%2Fv2%2Fmedia&parent=7710"}],"curies":[{"name":"wp","href":"https:\/\/api.w.org\/{rel}","templated":true}]}}