{"id":11,"date":"2023-11-19T15:10:10","date_gmt":"2023-11-19T15:10:10","guid":{"rendered":"https:\/\/eurologic.sklep.pl\/?page_id=11"},"modified":"2023-12-04T12:20:48","modified_gmt":"2023-12-04T12:20:48","slug":"refund_returns","status":"publish","type":"page","link":"https:\/\/eurologic.com.pl\/?page_id=11","title":{"rendered":"Polityka reklamacji i zwrot\u00f3w"},"content":{"rendered":"\t\t<div data-elementor-type=\"wp-page\" data-elementor-id=\"11\" class=\"elementor elementor-11\" data-elementor-post-type=\"page\">\n\t\t\t\t\t\t\t<div class=\"elementor-element elementor-element-5e1c1016 e-flex e-con-boxed e-con e-parent\" data-id=\"5e1c1016\" data-element_type=\"container\" data-settings=\"{&quot;content_width&quot;:&quot;boxed&quot;}\" data-core-v316-plus=\"true\">\n\t\t\t\t\t<div class=\"e-con-inner\">\n\t\t\t\t<div class=\"elementor-element elementor-element-75a26f2 elementor-widget elementor-widget-heading\" data-id=\"75a26f2\" data-element_type=\"widget\" data-widget_type=\"heading.default\">\n\t\t\t\t<div class=\"elementor-widget-container\">\n\t\t\t<style>\/*! elementor - v3.16.0 - 09-10-2023 *\/\n.elementor-heading-title{padding:0;margin:0;line-height:1}.elementor-widget-heading .elementor-heading-title[class*=elementor-size-]>a{color:inherit;font-size:inherit;line-height:inherit}.elementor-widget-heading .elementor-heading-title.elementor-size-small{font-size:15px}.elementor-widget-heading .elementor-heading-title.elementor-size-medium{font-size:19px}.elementor-widget-heading .elementor-heading-title.elementor-size-large{font-size:29px}.elementor-widget-heading .elementor-heading-title.elementor-size-xl{font-size:39px}.elementor-widget-heading .elementor-heading-title.elementor-size-xxl{font-size:59px}<\/style><h1 class=\"elementor-heading-title elementor-size-xl\">Polityka reklamacji i zwrot\u00f3w<\/h1>\t\t<\/div>\n\t\t\t\t<\/div>\n\t\t\t\t<div class=\"elementor-element elementor-element-3cec3198 elementor-widget elementor-widget-text-editor\" data-id=\"3cec3198\" data-element_type=\"widget\" data-widget_type=\"text-editor.default\">\n\t\t\t\t<div class=\"elementor-widget-container\">\n\t\t\t<style>\/*! elementor - v3.16.0 - 09-10-2023 *\/\n.elementor-widget-text-editor.elementor-drop-cap-view-stacked .elementor-drop-cap{background-color:#69727d;color:#fff}.elementor-widget-text-editor.elementor-drop-cap-view-framed .elementor-drop-cap{color:#69727d;border:3px solid;background-color:transparent}.elementor-widget-text-editor:not(.elementor-drop-cap-view-default) .elementor-drop-cap{margin-top:8px}.elementor-widget-text-editor:not(.elementor-drop-cap-view-default) .elementor-drop-cap-letter{width:1em;height:1em}.elementor-widget-text-editor .elementor-drop-cap{float:left;text-align:center;line-height:1;font-size:50px}.elementor-widget-text-editor .elementor-drop-cap-letter{display:inline-block}<\/style>\t\t\t\t<ul>\n<li><strong>Gwarancja, reklamacje i zwroty<\/strong><\/li>\n<\/ul>\n<ol>\n<li>Sprzedawca udziela 12 miesi\u0119cznej gwarancji na swoje towary, liczonej od daty sprzeda\u017cy, o ile nie obowi\u0105zuj\u0105 inne ustalenia udokumentowane na FV lub WZ.<\/li>\n<li>Kwota roszcze\u0144 z tytu\u0142u gwarancji nie mo\u017ce przekroczy\u0107 1-krotnej warto\u015bci towaru netto.<\/li>\n<li>Koszty dostarczenia reklamowanych przez Kupuj\u0105cego towar\u00f3w do Sprzedawcy ponosi Kupuj\u0105cy.<\/li>\n<li>Kupuj\u0105cy ma obowi\u0105zek zagwarantowania dostawcy niezb\u0119dnego czasu i okazji do usuni\u0119cia wad wed\u0142ug jego s\u0142usznego uznania. Je\u015bli odm\u00f3wi on tego, to dostawca zwolniony jest z odpowiedzialno\u015bci za wady.<\/li>\n<li>Odpowiedzialno\u015b\u0107 za wady nie dotyczy naturalnego zu\u017cycia, ponadto szk\u00f3d powsta\u0142ych po przeniesieniu ryzyka na skutek b\u0142\u0119dnej lub niestarannej obs\u0142ugi, nadmiernej eksploatacji, niew\u0142a\u015bciwych \u015brodk\u00f3w eksploatacyjnych, oraz takich wp\u0142yw\u00f3w chemicznych, elektrochemicznych lub elektrycznych, kt\u00f3re nie s\u0105 przewidziane zgodnie z umow\u0105.<\/li>\n<li>Zg\u0142oszenia reklamacyjne s\u0105 rozpatrywane w okresie 14 dni tzn. Towary uznane za wadliwe b\u0119d\u0105 naprawione b\u0105d\u017a wymienione na wolne od wad w ci\u0105gu 4 tygodni od terminu uznania reklamacji przez Sprzedaj\u0105cego.<\/li>\n<li>W przypadku towar\u00f3w wykonywanych wg indywidualnych wymog\u00f3w Odbiorcy termin wymiany towaru na nowy mo\u017ce ulec wyd\u0142u\u017ceniu do 6 tygodni.<\/li>\n<li>Kupuj\u0105cy ma prawo do pisemnego odst\u0105pienia od zawieranej umowy bez podania przyczyny w terminie czternastu dni, od daty zawarcia umowy na podstawie ustawy z dnia 30 maja 2014 r. (Dz.U. 2014 r. poz. 827 ze zm.) W przypadku pisemnego odst\u0105pienia od umowy Klient zobowi\u0105zany jest do zwrotu towaru w terminie czternastu dni.<\/li>\n<li>W przypadku skorzystania z prawa do 14-dniowego odst\u0105pienia koszt zwrotu towaru ponosi Kupuj\u0105cy.<\/li>\n<li>W przypadku zwrotu na rachunek przypisany do karty p\u0142atniczej zamawiaj\u0105cego \u2013 sprzedaj\u0105cy dokona zwrotu przy u\u017cyciu tego samego kana\u0142u p\u0142atno\u015bci.<\/li>\n<li>W przypadku odst\u0105pienia od umowy lub rozpatrzenia reklamacji, sprzedaj\u0105cy ma 14 dni na zwrot \u015brodk\u00f3w kupuj\u0105cemu<\/li>\n<\/ol>\t\t\t\t\t\t<\/div>\n\t\t\t\t<\/div>\n\t\t\t\t\t<\/div>\n\t\t\t\t<\/div>\n\t\t\t\t\t\t\t<\/div>\n\t\t","protected":false},"excerpt":{"rendered":"<p>Polityka reklamacji i zwrot\u00f3w Gwarancja, reklamacje i zwroty Sprzedawca udziela 12 miesi\u0119cznej gwarancji na swoje towary, liczonej od daty sprzeda\u017cy, o ile nie obowi\u0105zuj\u0105 inne ustalenia udokumentowane na FV lub<\/p>\n","protected":false},"author":1,"featured_media":0,"parent":0,"menu_order":0,"comment_status":"closed","ping_status":"closed","template":"","meta":{"footnotes":""},"acf":[],"_links":{"self":[{"href":"https:\/\/eurologic.com.pl\/index.php?rest_route=\/wp\/v2\/pages\/11"}],"collection":[{"href":"https:\/\/eurologic.com.pl\/index.php?rest_route=\/wp\/v2\/pages"}],"about":[{"href":"https:\/\/eurologic.com.pl\/index.php?rest_route=\/wp\/v2\/types\/page"}],"author":[{"embeddable":true,"href":"https:\/\/eurologic.com.pl\/index.php?rest_route=\/wp\/v2\/users\/1"}],"replies":[{"embeddable":true,"href":"https:\/\/eurologic.com.pl\/index.php?rest_route=%2Fwp%2Fv2%2Fcomments&post=11"}],"version-history":[{"count":8,"href":"https:\/\/eurologic.com.pl\/index.php?rest_route=\/wp\/v2\/pages\/11\/revisions"}],"predecessor-version":[{"id":7976,"href":"https:\/\/eurologic.com.pl\/index.php?rest_route=\/wp\/v2\/pages\/11\/revisions\/7976"}],"wp:attachment":[{"href":"https:\/\/eurologic.com.pl\/index.php?rest_route=%2Fwp%2Fv2%2Fmedia&parent=11"}],"curies":[{"name":"wp","href":"https:\/\/api.w.org\/{rel}","templated":true}]}}